{"id":68947,"date":"2020-11-29T11:58:16","date_gmt":"2020-11-29T10:58:16","guid":{"rendered":"https:\/\/acteco.eu\/acteco-staveni-ze-slamy-movies-videos\/"},"modified":"2021-10-17T11:42:27","modified_gmt":"2021-10-17T09:42:27","slug":"acteco-staveni-ze-slamy-movies-videos","status":"publish","type":"page","link":"https:\/\/acteco.eu\/cs\/acteco-staveni-ze-slamy-movies-videos\/","title":{"rendered":"ACTeco Stav\u011bn\u00ed ze sl\u00e1my Movies\/Videos"},"content":{"rendered":"\n<p>Filmy od asbn -austrian strawbale network (k\u00f3d pro vlo\u017een\u00ed z\u00edsk\u00e1te kliknut\u00edm na film prav\u00fdm tla\u010d\u00edtkem my\u0161i)<\/p>\n\n<div class=\"wp-block-group\"><div class=\"wp-block-group__inner-container is-layout-flow wp-block-group-is-layout-flow\">\n<p><\/p>\n\n\n\n<iframe title=\"2014 Juli: Strohballen Dom-Bau Kaernten\" width=\"500\" height=\"281\" src=\"https:\/\/www.youtube.com\/embed\/0qQrd15jZdo?start=5&#038;feature=oembed\" frameborder=\"0\" allow=\"accelerometer; autoplay; clipboard-write; encrypted-media; gyroscope; picture-in-picture; web-share\" referrerpolicy=\"strict-origin-when-cross-origin\" allowfullscreen><\/iframe>\n\n\n\n<iframe title=\"asbn-strohbau-workshop in der camillo sitte lehranstalt wien: strohbox\" width=\"500\" height=\"281\" src=\"https:\/\/www.youtube.com\/embed\/tGD4m48xmhA?feature=oembed\" frameborder=\"0\" allow=\"accelerometer; autoplay; clipboard-write; encrypted-media; gyroscope; picture-in-picture; web-share\" referrerpolicy=\"strict-origin-when-cross-origin\" allowfullscreen><\/iframe>\n\n\n\n<iframe title=\"STEP U1, U2, U3, U4 Preperation of Straw Bales\" width=\"500\" height=\"281\" src=\"https:\/\/www.youtube.com\/embed\/OkmOCJmrlAU?feature=oembed\" frameborder=\"0\" allow=\"accelerometer; autoplay; clipboard-write; encrypted-media; gyroscope; picture-in-picture; web-share\" referrerpolicy=\"strict-origin-when-cross-origin\" allowfullscreen><\/iframe>\n\n\n\n<iframe title=\"STEP U2 Infill Part 1\" width=\"500\" height=\"281\" src=\"https:\/\/www.youtube.com\/embed\/Mm7jiQbRHLw?list=UU4bAEhYhAompBUD2mSQgAiA\" frameborder=\"0\" allow=\"accelerometer; autoplay; clipboard-write; encrypted-media; gyroscope; picture-in-picture; web-share\" referrerpolicy=\"strict-origin-when-cross-origin\" allowfullscreen><\/iframe>\n\n\n\n<iframe title=\"STEP U2 Infill Part 2\" width=\"500\" height=\"281\" src=\"https:\/\/www.youtube.com\/embed\/YG5chBdvGyo?list=UU4bAEhYhAompBUD2mSQgAiA\" frameborder=\"0\" allow=\"accelerometer; autoplay; clipboard-write; encrypted-media; gyroscope; picture-in-picture; web-share\" referrerpolicy=\"strict-origin-when-cross-origin\" allowfullscreen><\/iframe>\n\n\n\n<iframe title=\"STEP U2 Infill Part 3\" width=\"500\" height=\"281\" src=\"https:\/\/www.youtube.com\/embed\/w0pyIznZ-aU?list=UU4bAEhYhAompBUD2mSQgAiA\" frameborder=\"0\" allow=\"accelerometer; autoplay; clipboard-write; encrypted-media; gyroscope; picture-in-picture; web-share\" referrerpolicy=\"strict-origin-when-cross-origin\" allowfullscreen><\/iframe>\n\n\n\n<iframe title=\"ASBN workshop strohballenbau\" width=\"500\" height=\"281\" src=\"https:\/\/www.youtube.com\/embed\/H7GWX1SNhfo?list=UU4bAEhYhAompBUD2mSQgAiA\" frameborder=\"0\" allow=\"accelerometer; autoplay; clipboard-write; encrypted-media; gyroscope; picture-in-picture; web-share\" referrerpolicy=\"strict-origin-when-cross-origin\" allowfullscreen><\/iframe>\n\n\n\n<figure class=\"wp-block-image alignfull\"><img fetchpriority=\"high\" decoding=\"async\" width=\"1024\" height=\"230\" src=\"https:\/\/acteco.eu\/wp-content\/uploads\/2020\/11\/resources-straw.jpg\" alt=\"\" class=\"wp-image-32307\" srcset=\"https:\/\/acteco.eu\/wp-content\/uploads\/2020\/11\/resources-straw.jpg 1024w, https:\/\/acteco.eu\/wp-content\/uploads\/2020\/11\/resources-straw-300x67.jpg 300w, https:\/\/acteco.eu\/wp-content\/uploads\/2020\/11\/resources-straw-768x173.jpg 768w, https:\/\/acteco.eu\/wp-content\/uploads\/2020\/11\/resources-straw-400x90.jpg 400w, https:\/\/acteco.eu\/wp-content\/uploads\/2020\/11\/resources-straw-600x135.jpg 600w\" sizes=\"(max-width: 1024px) 100vw, 1024px\" \/><\/figure>\n\n\n<p><\/p>\n<\/div><\/div>\n\n<p><a href=\"https:\/\/www.youtube.com\/playlist?list=PLj3AjGdo3fNGifwX5s1VoeRJSMeiikxQs\" target=\"_blank\" rel=\"noreferrer noopener\">Slam\u011bn\u00e9 domy Video od asbn&#8217;s YouTube Channel<\/a> &#8211; p\u0159ipraveno k vlo\u017een\u00ed (povolen\u00ed k zobrazen\u00ed v otev\u0159en\u00fdch\/voln\u00fdch kurzech)<\/p>\n\n<p><\/p>\n","protected":false},"excerpt":{"rendered":"<p>Filmy od asbn -austrian strawbale network (k\u00f3d pro vlo\u017een\u00ed z\u00edsk\u00e1te kliknut\u00edm na film prav\u00fdm tla\u010d\u00edtkem my\u0161i) Slam\u011bn\u00e9 domy Video od asbn&#8217;s YouTube Channel &#8211; p\u0159ipraveno k vlo\u017een\u00ed (povolen\u00ed k zobrazen\u00ed v otev\u0159en\u00fdch\/voln\u00fdch kurzech)<\/p>\n","protected":false},"author":1,"featured_media":0,"parent":0,"menu_order":0,"comment_status":"closed","ping_status":"closed","template":"","meta":{"site-sidebar-layout":"right-sidebar","site-content-layout":"boxed-container","ast-site-content-layout":"default","site-content-style":"default","site-sidebar-style":"default","ast-global-header-display":"","ast-banner-title-visibility":"","ast-main-header-display":"","ast-hfb-above-header-display":"","ast-hfb-below-header-display":"","ast-hfb-mobile-header-display":"","site-post-title":"","ast-breadcrumbs-content":"","ast-featured-img":"","footer-sml-layout":"","ast-disable-related-posts":"","theme-transparent-header-meta":"default","adv-header-id-meta":"","stick-header-meta":"","header-above-stick-meta":"","header-main-stick-meta":"","header-below-stick-meta":"","astra-migrate-meta-layouts":"default","ast-page-background-enabled":"default","ast-page-background-meta":{"desktop":{"background-color":"","background-image":"","background-repeat":"repeat","background-position":"center center","background-size":"auto","background-attachment":"scroll","background-type":"","background-media":"","overlay-type":"","overlay-color":"","overlay-opacity":"","overlay-gradient":""},"tablet":{"background-color":"","background-image":"","background-repeat":"repeat","background-position":"center center","background-size":"auto","background-attachment":"scroll","background-type":"","background-media":"","overlay-type":"","overlay-color":"","overlay-opacity":"","overlay-gradient":""},"mobile":{"background-color":"","background-image":"","background-repeat":"repeat","background-position":"center center","background-size":"auto","background-attachment":"scroll","background-type":"","background-media":"","overlay-type":"","overlay-color":"","overlay-opacity":"","overlay-gradient":""}},"ast-content-background-meta":{"desktop":{"background-color":"var(--ast-global-color-5)","background-image":"","background-repeat":"repeat","background-position":"center center","background-size":"auto","background-attachment":"scroll","background-type":"","background-media":"","overlay-type":"","overlay-color":"","overlay-opacity":"","overlay-gradient":""},"tablet":{"background-color":"var(--ast-global-color-5)","background-image":"","background-repeat":"repeat","background-position":"center center","background-size":"auto","background-attachment":"scroll","background-type":"","background-media":"","overlay-type":"","overlay-color":"","overlay-opacity":"","overlay-gradient":""},"mobile":{"background-color":"var(--ast-global-color-5)","background-image":"","background-repeat":"repeat","background-position":"center center","background-size":"auto","background-attachment":"scroll","background-type":"","background-media":"","overlay-type":"","overlay-color":"","overlay-opacity":"","overlay-gradient":""}},"footnotes":""},"class_list":["post-68947","page","type-page","status-publish","hentry"],"_links":{"self":[{"href":"https:\/\/acteco.eu\/cs\/wp-json\/wp\/v2\/pages\/68947","targetHints":{"allow":["GET"]}}],"collection":[{"href":"https:\/\/acteco.eu\/cs\/wp-json\/wp\/v2\/pages"}],"about":[{"href":"https:\/\/acteco.eu\/cs\/wp-json\/wp\/v2\/types\/page"}],"author":[{"embeddable":true,"href":"https:\/\/acteco.eu\/cs\/wp-json\/wp\/v2\/users\/1"}],"replies":[{"embeddable":true,"href":"https:\/\/acteco.eu\/cs\/wp-json\/wp\/v2\/comments?post=68947"}],"version-history":[{"count":1,"href":"https:\/\/acteco.eu\/cs\/wp-json\/wp\/v2\/pages\/68947\/revisions"}],"predecessor-version":[{"id":68948,"href":"https:\/\/acteco.eu\/cs\/wp-json\/wp\/v2\/pages\/68947\/revisions\/68948"}],"wp:attachment":[{"href":"https:\/\/acteco.eu\/cs\/wp-json\/wp\/v2\/media?parent=68947"}],"curies":[{"name":"wp","href":"https:\/\/api.w.org\/{rel}","templated":true}]}}