{"id":68968,"date":"2020-11-29T21:23:34","date_gmt":"2020-11-29T20:23:34","guid":{"rendered":"https:\/\/acteco.eu\/osvedcene-postupy-pro-slamene-budovy\/"},"modified":"2021-10-17T14:49:38","modified_gmt":"2021-10-17T12:49:38","slug":"osvedcene-postupy-pro-slamene-budovy","status":"publish","type":"page","link":"https:\/\/acteco.eu\/cs\/osvedcene-postupy-pro-slamene-budovy\/","title":{"rendered":"Osv\u011bd\u010den\u00e9 postupy pro slam\u011bn\u00e9 budovy"},"content":{"rendered":"\n<style>.embed-container { position: relative; padding-bottom:56.25%; height:0; overflow: hidden; max-width: 100%; } .embed-container iframe, .embed-container object, .embed-container embed { position: absolute; top: 0; left: 0; width: 100%; height: 100%;}<\/style><div class=\"embed-container\" data-page-width=\"453\" data-page-height=\"640\" id=\"ypembedcontainer\"><iframe src=\"https:\/\/www.yumpu.com\/en\/embed\/view\/2wT3sR8aBYeKmdDq\" frameborder=\"0\" allowfullscreen=\"true\" allowtransparency=\"true\"><\/iframe><\/div><script src=\"https:\/\/players.yumpu.com\/modules\/embed\/yp_r_iframe.js\"><\/script>","protected":false},"excerpt":{"rendered":"","protected":false},"author":1,"featured_media":0,"parent":0,"menu_order":0,"comment_status":"closed","ping_status":"closed","template":"","meta":{"site-sidebar-layout":"default","site-content-layout":"default","ast-site-content-layout":"default","site-content-style":"default","site-sidebar-style":"default","ast-global-header-display":"","ast-banner-title-visibility":"","ast-main-header-display":"","ast-hfb-above-header-display":"","ast-hfb-below-header-display":"","ast-hfb-mobile-header-display":"","site-post-title":"","ast-breadcrumbs-content":"","ast-featured-img":"","footer-sml-layout":"","ast-disable-related-posts":"","theme-transparent-header-meta":"default","adv-header-id-meta":"","stick-header-meta":"","header-above-stick-meta":"","header-main-stick-meta":"","header-below-stick-meta":"","astra-migrate-meta-layouts":"default","ast-page-background-enabled":"default","ast-page-background-meta":{"desktop":{"background-color":"","background-image":"","background-repeat":"repeat","background-position":"center center","background-size":"auto","background-attachment":"scroll","background-type":"","background-media":"","overlay-type":"","overlay-color":"","overlay-opacity":"","overlay-gradient":""},"tablet":{"background-color":"","background-image":"","background-repeat":"repeat","background-position":"center center","background-size":"auto","background-attachment":"scroll","background-type":"","background-media":"","overlay-type":"","overlay-color":"","overlay-opacity":"","overlay-gradient":""},"mobile":{"background-color":"","background-image":"","background-repeat":"repeat","background-position":"center center","background-size":"auto","background-attachment":"scroll","background-type":"","background-media":"","overlay-type":"","overlay-color":"","overlay-opacity":"","overlay-gradient":""}},"ast-content-background-meta":{"desktop":{"background-color":"var(--ast-global-color-5)","background-image":"","background-repeat":"repeat","background-position":"center center","background-size":"auto","background-attachment":"scroll","background-type":"","background-media":"","overlay-type":"","overlay-color":"","overlay-opacity":"","overlay-gradient":""},"tablet":{"background-color":"var(--ast-global-color-5)","background-image":"","background-repeat":"repeat","background-position":"center center","background-size":"auto","background-attachment":"scroll","background-type":"","background-media":"","overlay-type":"","overlay-color":"","overlay-opacity":"","overlay-gradient":""},"mobile":{"background-color":"var(--ast-global-color-5)","background-image":"","background-repeat":"repeat","background-position":"center center","background-size":"auto","background-attachment":"scroll","background-type":"","background-media":"","overlay-type":"","overlay-color":"","overlay-opacity":"","overlay-gradient":""}},"footnotes":""},"class_list":["post-68968","page","type-page","status-publish","hentry"],"_links":{"self":[{"href":"https:\/\/acteco.eu\/cs\/wp-json\/wp\/v2\/pages\/68968","targetHints":{"allow":["GET"]}}],"collection":[{"href":"https:\/\/acteco.eu\/cs\/wp-json\/wp\/v2\/pages"}],"about":[{"href":"https:\/\/acteco.eu\/cs\/wp-json\/wp\/v2\/types\/page"}],"author":[{"embeddable":true,"href":"https:\/\/acteco.eu\/cs\/wp-json\/wp\/v2\/users\/1"}],"replies":[{"embeddable":true,"href":"https:\/\/acteco.eu\/cs\/wp-json\/wp\/v2\/comments?post=68968"}],"version-history":[{"count":1,"href":"https:\/\/acteco.eu\/cs\/wp-json\/wp\/v2\/pages\/68968\/revisions"}],"predecessor-version":[{"id":68969,"href":"https:\/\/acteco.eu\/cs\/wp-json\/wp\/v2\/pages\/68968\/revisions\/68969"}],"wp:attachment":[{"href":"https:\/\/acteco.eu\/cs\/wp-json\/wp\/v2\/media?parent=68968"}],"curies":[{"name":"wp","href":"https:\/\/api.w.org\/{rel}","templated":true}]}}