{"id":68973,"date":"2021-06-06T21:18:48","date_gmt":"2021-06-06T19:18:48","guid":{"rendered":"https:\/\/acteco.eu\/kurz-zadarmo-bez-registrace\/"},"modified":"2021-10-17T15:03:30","modified_gmt":"2021-10-17T13:03:30","slug":"kurz-zadarmo-bez-registrace","status":"publish","type":"page","link":"https:\/\/acteco.eu\/cs\/kurz-zadarmo-bez-registrace\/","title":{"rendered":"Kurz ZADARMO bez registrace"},"content":{"rendered":"<div class=\"learndash-wrap\"><div id=\"ld-course-list-content-f7aa863649369210f9f2665d742da9e6\" class=\"ld-course-list-content\" data-shortcode-atts=\"{&quot;orderby&quot;:&quot;title&quot;,&quot;order&quot;:&quot;ASC&quot;,&quot;price_type&quot;:&quot;free&quot;,&quot;course_grid&quot;:&quot;true&quot;}\">\n\t\t\t<div class=\"ld-course-list-items row\">\n\t<!-- LearnDash Course Grid v1 --><div class=\"ld_course_grid col-sm-8 col-md-4 \">\n\t<article id=\"post-70080\" class=\" thumbnail course post-70080 sfwd-courses type-sfwd-courses status-publish has-post-thumbnail hentry category-free-course-cs category-hlinene-stavitelstvi\">\n\t\t\t\t\t\t\t\t<div class=\"ribbon\">\n\t\t\t\tFREE COURSE\t\t\t<\/div>\n\t\t\t\n\t\t\t\t\t\t<a\n\t\t\t\taria-hidden=\"true\"\n\t\t\t\thref=\"https:\/\/acteco.eu\/cs\/courses\/materialy-uroven-2\/\"\n\t\t\t\ttabindex=\"-1\"\n\t\t\t>\n\t\t\t\t<img decoding=\"async\" width=\"300\" height=\"152\" src=\"https:\/\/acteco.eu\/wp-content\/uploads\/2021\/12\/EARTH_-materials_L2_CZ-.pptx-9-300x152.jpg\" class=\"attachment-medium size-medium wp-post-image\" alt=\"HLIN\u011aN\u00c9 STAV\u011aN\u00cd 01 &#8211; Materi\u00e1ly (\u00darove\u0148 2)\" srcset=\"https:\/\/acteco.eu\/wp-content\/uploads\/2021\/12\/EARTH_-materials_L2_CZ-.pptx-9-300x152.jpg 300w, https:\/\/acteco.eu\/wp-content\/uploads\/2021\/12\/EARTH_-materials_L2_CZ-.pptx-9-1024x519.jpg 1024w, https:\/\/acteco.eu\/wp-content\/uploads\/2021\/12\/EARTH_-materials_L2_CZ-.pptx-9-768x389.jpg 768w, https:\/\/acteco.eu\/wp-content\/uploads\/2021\/12\/EARTH_-materials_L2_CZ-.pptx-9-1536x778.jpg 1536w, https:\/\/acteco.eu\/wp-content\/uploads\/2021\/12\/EARTH_-materials_L2_CZ-.pptx-9-600x304.jpg 600w, https:\/\/acteco.eu\/wp-content\/uploads\/2021\/12\/EARTH_-materials_L2_CZ-.pptx-9.jpg 1919w\" sizes=\"(max-width: 300px) 100vw, 300px\" \/>\t\t\t<\/a>\n\t\t\t\t\t\n\t\t\t\t\t<div class=\"caption\">\n\t\t\t\t<h3 class=\"entry-title\">HLIN\u011aN\u00c9 STAV\u011aN\u00cd 01 &#8211; Materi\u00e1ly (\u00darove\u0148 2)<\/h3>\n\t\t\t\t\t\t\t\t<div class=\"ld_course_grid_button\">\n\t\t\t\t\t<a\n\t\t\t\t\t\taria-label=\"Enroll Now: HLIN\u011aN\u00c9 STAV\u011aN\u00cd 01 &#8211; Materi\u00e1ly (\u00darove\u0148 2)\"\n\t\t\t\t\t\tclass=\"btn btn-primary\"\n\t\t\t\t\t\thref=\"https:\/\/acteco.eu\/cs\/courses\/materialy-uroven-2\/\"\n\t\t\t\t\t>\n\t\t\t\t\t\tEnroll Now\t\t\t\t\t<\/a>\n\t\t\t\t<\/div>\n\t\t\t\t\t\t\t<\/div><!-- .entry-header -->\n\t\t\t<\/article><!-- #post-## -->\n<\/div><!-- .ld_course_grid -->\n\t<\/div>\n\t\t\t<\/div>\n\t\t<\/div>","protected":false},"excerpt":{"rendered":"","protected":false},"author":1,"featured_media":0,"parent":0,"menu_order":0,"comment_status":"closed","ping_status":"closed","template":"","meta":{"site-sidebar-layout":"default","site-content-layout":"default","ast-site-content-layout":"default","site-content-style":"default","site-sidebar-style":"default","ast-global-header-display":"","ast-banner-title-visibility":"","ast-main-header-display":"","ast-hfb-above-header-display":"","ast-hfb-below-header-display":"","ast-hfb-mobile-header-display":"","site-post-title":"","ast-breadcrumbs-content":"","ast-featured-img":"","footer-sml-layout":"","ast-disable-related-posts":"","theme-transparent-header-meta":"default","adv-header-id-meta":"","stick-header-meta":"","header-above-stick-meta":"","header-main-stick-meta":"","header-below-stick-meta":"","astra-migrate-meta-layouts":"default","ast-page-background-enabled":"default","ast-page-background-meta":{"desktop":{"background-color":"","background-image":"","background-repeat":"repeat","background-position":"center center","background-size":"auto","background-attachment":"scroll","background-type":"","background-media":"","overlay-type":"","overlay-color":"","overlay-opacity":"","overlay-gradient":""},"tablet":{"background-color":"","background-image":"","background-repeat":"repeat","background-position":"center center","background-size":"auto","background-attachment":"scroll","background-type":"","background-media":"","overlay-type":"","overlay-color":"","overlay-opacity":"","overlay-gradient":""},"mobile":{"background-color":"","background-image":"","background-repeat":"repeat","background-position":"center center","background-size":"auto","background-attachment":"scroll","background-type":"","background-media":"","overlay-type":"","overlay-color":"","overlay-opacity":"","overlay-gradient":""}},"ast-content-background-meta":{"desktop":{"background-color":"var(--ast-global-color-5)","background-image":"","background-repeat":"repeat","background-position":"center center","background-size":"auto","background-attachment":"scroll","background-type":"","background-media":"","overlay-type":"","overlay-color":"","overlay-opacity":"","overlay-gradient":""},"tablet":{"background-color":"var(--ast-global-color-5)","background-image":"","background-repeat":"repeat","background-position":"center center","background-size":"auto","background-attachment":"scroll","background-type":"","background-media":"","overlay-type":"","overlay-color":"","overlay-opacity":"","overlay-gradient":""},"mobile":{"background-color":"var(--ast-global-color-5)","background-image":"","background-repeat":"repeat","background-position":"center center","background-size":"auto","background-attachment":"scroll","background-type":"","background-media":"","overlay-type":"","overlay-color":"","overlay-opacity":"","overlay-gradient":""}},"footnotes":""},"class_list":["post-68973","page","type-page","status-publish","hentry"],"_links":{"self":[{"href":"https:\/\/acteco.eu\/cs\/wp-json\/wp\/v2\/pages\/68973","targetHints":{"allow":["GET"]}}],"collection":[{"href":"https:\/\/acteco.eu\/cs\/wp-json\/wp\/v2\/pages"}],"about":[{"href":"https:\/\/acteco.eu\/cs\/wp-json\/wp\/v2\/types\/page"}],"author":[{"embeddable":true,"href":"https:\/\/acteco.eu\/cs\/wp-json\/wp\/v2\/users\/1"}],"replies":[{"embeddable":true,"href":"https:\/\/acteco.eu\/cs\/wp-json\/wp\/v2\/comments?post=68973"}],"version-history":[{"count":1,"href":"https:\/\/acteco.eu\/cs\/wp-json\/wp\/v2\/pages\/68973\/revisions"}],"predecessor-version":[{"id":68974,"href":"https:\/\/acteco.eu\/cs\/wp-json\/wp\/v2\/pages\/68973\/revisions\/68974"}],"wp:attachment":[{"href":"https:\/\/acteco.eu\/cs\/wp-json\/wp\/v2\/media?parent=68973"}],"curies":[{"name":"wp","href":"https:\/\/api.w.org\/{rel}","templated":true}]}}