{"id":72762,"date":"2020-11-17T09:32:49","date_gmt":"2020-11-17T08:32:49","guid":{"rendered":"https:\/\/acteco.eu\/zdroje\/"},"modified":"2022-05-29T14:08:53","modified_gmt":"2022-05-29T12:08:53","slug":"zdroje","status":"publish","type":"page","link":"https:\/\/acteco.eu\/cs\/zdroje\/","title":{"rendered":"Zdroje"},"content":{"rendered":"\n<p>Sb\u00edrka zdroj\u016f pro slam\u011bn\u00e9, hlin\u011bn\u00e9 a udr\u017eiteln\u00e9 stavby je sou\u010d\u00e1st\u00ed intelektu\u00e1ln\u00edch v\u00fdstup\u016f projektu ACTeco. Tato sb\u00edrka je v\u0161ak v\u00fdb\u011brem, kter\u00fd vybrali partne\u0159i projektu ACTeco, z nejd\u016fle\u017eit\u011bj\u0161\u00edch materi\u00e1l\u016f, kter\u00e9 pomohou \u0161kolitel\u016fm roz\u0161\u00ed\u0159it jejich znalosti, z\u00e1lohovat a podpo\u0159it jejich \u0161kolen\u00ed. Tato sb\u00edrka obsahuje fotografie, videa, literaturu, p\u0159\u00edklady dobr\u00e9 praxe, v\u00fdzkumy, \u0161ablony (pro prezentace), kv\u00edzy Kahoot, formul\u00e1\u0159e pro zp\u011btnou vazbu, webov\u00e9 str\u00e1nky (odkazy) a datab\u00e1ze.\r\n\r\n<\/p>\n\n\n\n<p>Dal\u0161\u00ed \u010d\u00e1sti sb\u00edrek najdete p\u0159\u00edmo pou\u017eit\u00e9 v online kurzech ACTeco a p\u0159ilo\u017een\u00e9 v sekci dokumenty.<\/p>\n\n\n\n<p>Sb\u00edrka Jump! training for change je sb\u00edrka propojen\u00e1 s dal\u0161\u00edmi projekty, kter\u00e9 se sna\u017e\u00edme propojit a vytvo\u0159it synergick\u00fd efekt, proto\u017ee projekt je zam\u011b\u0159en na \u0161kolitele a zm\u011bnu my\u0161len\u00ed a vzd\u011bl\u00e1v\u00e1n\u00ed sm\u011brem k udr\u017eiteln\u011bj\u0161\u00ed a regenerativn\u00ed kultu\u0159e.<\/p>\n\n\n\n<p>Tyto zdroje jsou ur\u010deny pro \u0161kolitele a \u0161kolic\u00ed st\u0159ediska, u\u010ditele a \u0161koly, proto je tato sekce chr\u00e1n\u011bna heslem. Pokud chcete z\u00edskat p\u0159\u00edstup k na\u0161im zdroj\u016fm, napi\u0161te pros\u00edm e-mail na adresu info@acteco.eu.<\/p>\n","protected":false},"excerpt":{"rendered":"<p>Sb\u00edrka zdroj\u016f pro slam\u011bn\u00e9, hlin\u011bn\u00e9 a udr\u017eiteln\u00e9 stavby je sou\u010d\u00e1st\u00ed intelektu\u00e1ln\u00edch v\u00fdstup\u016f projektu ACTeco. Tato sb\u00edrka je v\u0161ak v\u00fdb\u011brem, kter\u00fd vybrali partne\u0159i projektu ACTeco, z nejd\u016fle\u017eit\u011bj\u0161\u00edch materi\u00e1l\u016f, kter\u00e9 pomohou \u0161kolitel\u016fm roz\u0161\u00ed\u0159it jejich znalosti, z\u00e1lohovat a podpo\u0159it jejich \u0161kolen\u00ed. Tato sb\u00edrka obsahuje fotografie, videa, literaturu, p\u0159\u00edklady dobr\u00e9 praxe, v\u00fdzkumy, \u0161ablony (pro prezentace), kv\u00edzy Kahoot, formul\u00e1\u0159e pro [&hellip;]<\/p>\n","protected":false},"author":1,"featured_media":32272,"parent":0,"menu_order":0,"comment_status":"closed","ping_status":"closed","template":"","meta":{"site-sidebar-layout":"right-sidebar","site-content-layout":"default","ast-site-content-layout":"default","site-content-style":"default","site-sidebar-style":"default","ast-global-header-display":"","ast-banner-title-visibility":"","ast-main-header-display":"","ast-hfb-above-header-display":"","ast-hfb-below-header-display":"","ast-hfb-mobile-header-display":"","site-post-title":"","ast-breadcrumbs-content":"","ast-featured-img":"","footer-sml-layout":"","ast-disable-related-posts":"","theme-transparent-header-meta":"default","adv-header-id-meta":"","stick-header-meta":"","header-above-stick-meta":"","header-main-stick-meta":"","header-below-stick-meta":"","astra-migrate-meta-layouts":"default","ast-page-background-enabled":"default","ast-page-background-meta":{"desktop":{"background-color":"","background-image":"","background-repeat":"repeat","background-position":"center center","background-size":"auto","background-attachment":"scroll","background-type":"","background-media":"","overlay-type":"","overlay-color":"","overlay-opacity":"","overlay-gradient":""},"tablet":{"background-color":"","background-image":"","background-repeat":"repeat","background-position":"center center","background-size":"auto","background-attachment":"scroll","background-type":"","background-media":"","overlay-type":"","overlay-color":"","overlay-opacity":"","overlay-gradient":""},"mobile":{"background-color":"","background-image":"","background-repeat":"repeat","background-position":"center center","background-size":"auto","background-attachment":"scroll","background-type":"","background-media":"","overlay-type":"","overlay-color":"","overlay-opacity":"","overlay-gradient":""}},"ast-content-background-meta":{"desktop":{"background-color":"var(--ast-global-color-5)","background-image":"","background-repeat":"repeat","background-position":"center center","background-size":"auto","background-attachment":"scroll","background-type":"","background-media":"","overlay-type":"","overlay-color":"","overlay-opacity":"","overlay-gradient":""},"tablet":{"background-color":"var(--ast-global-color-5)","background-image":"","background-repeat":"repeat","background-position":"center center","background-size":"auto","background-attachment":"scroll","background-type":"","background-media":"","overlay-type":"","overlay-color":"","overlay-opacity":"","overlay-gradient":""},"mobile":{"background-color":"var(--ast-global-color-5)","background-image":"","background-repeat":"repeat","background-position":"center center","background-size":"auto","background-attachment":"scroll","background-type":"","background-media":"","overlay-type":"","overlay-color":"","overlay-opacity":"","overlay-gradient":""}},"footnotes":""},"class_list":["post-72762","page","type-page","status-publish","has-post-thumbnail","hentry"],"_links":{"self":[{"href":"https:\/\/acteco.eu\/cs\/wp-json\/wp\/v2\/pages\/72762","targetHints":{"allow":["GET"]}}],"collection":[{"href":"https:\/\/acteco.eu\/cs\/wp-json\/wp\/v2\/pages"}],"about":[{"href":"https:\/\/acteco.eu\/cs\/wp-json\/wp\/v2\/types\/page"}],"author":[{"embeddable":true,"href":"https:\/\/acteco.eu\/cs\/wp-json\/wp\/v2\/users\/1"}],"replies":[{"embeddable":true,"href":"https:\/\/acteco.eu\/cs\/wp-json\/wp\/v2\/comments?post=72762"}],"version-history":[{"count":2,"href":"https:\/\/acteco.eu\/cs\/wp-json\/wp\/v2\/pages\/72762\/revisions"}],"predecessor-version":[{"id":73419,"href":"https:\/\/acteco.eu\/cs\/wp-json\/wp\/v2\/pages\/72762\/revisions\/73419"}],"wp:featuredmedia":[{"embeddable":true,"href":"https:\/\/acteco.eu\/cs\/wp-json\/wp\/v2\/media\/32272"}],"wp:attachment":[{"href":"https:\/\/acteco.eu\/cs\/wp-json\/wp\/v2\/media?parent=72762"}],"curies":[{"name":"wp","href":"https:\/\/api.w.org\/{rel}","templated":true}]}}