{"id":39897,"date":"2020-11-17T09:32:49","date_gmt":"2020-11-17T08:32:49","guid":{"rendered":"https:\/\/acteco.eu\/ressourcen\/"},"modified":"2021-02-13T20:40:21","modified_gmt":"2021-02-13T20:40:21","slug":"ressourcen","status":"publish","type":"page","link":"https:\/\/acteco.eu\/de\/ressourcen\/","title":{"rendered":"Ressourcen"},"content":{"rendered":"\n<p>Die Sammlung von Ressourcen f\u00fcr Stroh, Lehm und nachhaltiges Bauen ist Teil der intellektuellen Ergebnisse des ACTeco-Projekts. Diese Sammlung ist eine von den ACTeco-Partnern ausgew\u00e4hlte Auswahl der relevantesten Materialien, die den Trainern helfen sollen, ihr Wissen zu erweitern und ihr Training zu unterst\u00fctzen. Diese Sammlung beinhaltet Fotos, Videos, Literatur, Good Practice, Forschung, Vorlagen (f\u00fcr Pr\u00e4sentationen), Kahoot Quizze, Feedback Formulare, Webseiten (Links) und Datenbanken.<\/p>\n\n<p>Andere Teile der Sammlungen findest du direkt in den Online-Kursen von ACTeco, und weitere Dokumente in den Abschnitt. <\/p>\n\n<p>Die Sammlung Jump! training for change ist eine Sammlung, die mit einem weiteren EU-Projekt verbunden ist, wir versuchen, sie zu verbinden und einen Synergieeffekt zu schaffen, da das Projekt auf Trainer und den Wandel des Denkens und der Ausbildung hin zu einer nachhaltigeren und regenerativen Kultur abzielt.<\/p>\n\n<p>Diese Ressourcen sind f\u00fcr Trainer &amp; Trainingszentren, Lehrer &amp; Schulen, daher ist dieser Bereich passwortgesch\u00fctzt. Wenn du Zugang zu unseren Ressourcen haben m\u00f6chtest, schreibe bitte eine E-Mail an info@acteco.eu.<\/p>\n","protected":false},"excerpt":{"rendered":"<p>Die Sammlung von Ressourcen f\u00fcr Stroh, Lehm und nachhaltiges Bauen ist Teil der intellektuellen Ergebnisse des ACTeco-Projekts. Diese Sammlung ist eine von den ACTeco-Partnern ausgew\u00e4hlte Auswahl der relevantesten Materialien, die den Trainern helfen sollen, ihr Wissen zu erweitern und ihr Training zu unterst\u00fctzen. Diese Sammlung beinhaltet Fotos, Videos, Literatur, Good Practice, Forschung, Vorlagen (f\u00fcr Pr\u00e4sentationen), [&hellip;]<\/p>\n","protected":false},"author":1,"featured_media":32274,"parent":0,"menu_order":0,"comment_status":"closed","ping_status":"closed","template":"","meta":{"site-sidebar-layout":"right-sidebar","site-content-layout":"default","ast-site-content-layout":"default","site-content-style":"default","site-sidebar-style":"default","ast-global-header-display":"","ast-banner-title-visibility":"","ast-main-header-display":"","ast-hfb-above-header-display":"","ast-hfb-below-header-display":"","ast-hfb-mobile-header-display":"","site-post-title":"","ast-breadcrumbs-content":"","ast-featured-img":"","footer-sml-layout":"","ast-disable-related-posts":"","theme-transparent-header-meta":"default","adv-header-id-meta":"","stick-header-meta":"","header-above-stick-meta":"","header-main-stick-meta":"","header-below-stick-meta":"","astra-migrate-meta-layouts":"default","ast-page-background-enabled":"default","ast-page-background-meta":{"desktop":{"background-color":"","background-image":"","background-repeat":"repeat","background-position":"center center","background-size":"auto","background-attachment":"scroll","background-type":"","background-media":"","overlay-type":"","overlay-color":"","overlay-opacity":"","overlay-gradient":""},"tablet":{"background-color":"","background-image":"","background-repeat":"repeat","background-position":"center center","background-size":"auto","background-attachment":"scroll","background-type":"","background-media":"","overlay-type":"","overlay-color":"","overlay-opacity":"","overlay-gradient":""},"mobile":{"background-color":"","background-image":"","background-repeat":"repeat","background-position":"center center","background-size":"auto","background-attachment":"scroll","background-type":"","background-media":"","overlay-type":"","overlay-color":"","overlay-opacity":"","overlay-gradient":""}},"ast-content-background-meta":{"desktop":{"background-color":"var(--ast-global-color-5)","background-image":"","background-repeat":"repeat","background-position":"center center","background-size":"auto","background-attachment":"scroll","background-type":"","background-media":"","overlay-type":"","overlay-color":"","overlay-opacity":"","overlay-gradient":""},"tablet":{"background-color":"var(--ast-global-color-5)","background-image":"","background-repeat":"repeat","background-position":"center center","background-size":"auto","background-attachment":"scroll","background-type":"","background-media":"","overlay-type":"","overlay-color":"","overlay-opacity":"","overlay-gradient":""},"mobile":{"background-color":"var(--ast-global-color-5)","background-image":"","background-repeat":"repeat","background-position":"center center","background-size":"auto","background-attachment":"scroll","background-type":"","background-media":"","overlay-type":"","overlay-color":"","overlay-opacity":"","overlay-gradient":""}},"footnotes":""},"class_list":["post-39897","page","type-page","status-publish","has-post-thumbnail","hentry"],"_links":{"self":[{"href":"https:\/\/acteco.eu\/de\/wp-json\/wp\/v2\/pages\/39897","targetHints":{"allow":["GET"]}}],"collection":[{"href":"https:\/\/acteco.eu\/de\/wp-json\/wp\/v2\/pages"}],"about":[{"href":"https:\/\/acteco.eu\/de\/wp-json\/wp\/v2\/types\/page"}],"author":[{"embeddable":true,"href":"https:\/\/acteco.eu\/de\/wp-json\/wp\/v2\/users\/1"}],"replies":[{"embeddable":true,"href":"https:\/\/acteco.eu\/de\/wp-json\/wp\/v2\/comments?post=39897"}],"version-history":[{"count":5,"href":"https:\/\/acteco.eu\/de\/wp-json\/wp\/v2\/pages\/39897\/revisions"}],"predecessor-version":[{"id":39902,"href":"https:\/\/acteco.eu\/de\/wp-json\/wp\/v2\/pages\/39897\/revisions\/39902"}],"wp:featuredmedia":[{"embeddable":true,"href":"https:\/\/acteco.eu\/de\/wp-json\/wp\/v2\/media\/32274"}],"wp:attachment":[{"href":"https:\/\/acteco.eu\/de\/wp-json\/wp\/v2\/media?parent=39897"}],"curies":[{"name":"wp","href":"https:\/\/api.w.org\/{rel}","templated":true}]}}