{"id":51269,"date":"2021-03-09T15:40:13","date_gmt":"2021-03-09T14:40:13","guid":{"rendered":"https:\/\/acteco.eu\/step-training-de\/"},"modified":"2023-12-05T16:44:57","modified_gmt":"2023-12-05T15:44:57","slug":"step-training-de","status":"publish","type":"page","link":"https:\/\/acteco.eu\/de\/step-training-de\/","title":{"rendered":"STEP Training"},"content":{"rendered":"<div class=\"learndash-wrap\"><div id=\"ld_categorydropdown\"><form method=\"get\">\n\t\t\t\t\t<label for=\"ld_categorydropdown_select\">Kategorien<\/label>\n\t\t\t\t\t<select id=\"ld_categorydropdown_select\" name=\"catid\" onChange=\"jQuery('#ld_categorydropdown form').submit()\"><option value=\"\">Kategorie w\u00e4hlen<\/option><option value='175' >STEP Kurs (8)<\/option><\/select><input type='submit' style='display:none'><\/form><\/div><div id=\"ld-course-list-content-d47b82fd62410a5acf37f30d67cfdf39\" class=\"ld-course-list-content\" data-shortcode-atts=\"{&quot;orderby&quot;:&quot;title&quot;,&quot;order&quot;:&quot;ASC&quot;,&quot;course_categoryselector&quot;:&quot;true&quot;,&quot;cat&quot;:&quot;97&quot;,&quot;categoryselector&quot;:&quot;true&quot;,&quot;progress_bar&quot;:&quot;true&quot;,&quot;num&quot;:&quot;50&quot;,&quot;course_grid&quot;:&quot;true&quot;}\">\n\t\t\t<div class=\"ld-course-list-items row\">\n\t<!-- LearnDash Course Grid v1 --><div class=\"ld_course_grid col-sm-8 col-md-4 \">\n\t<article id=\"post-38580\" class=\" thumbnail course post-38580 sfwd-courses type-sfwd-courses status-publish has-post-thumbnail hentry category-step_training tag-step-de ld_course_category-step-training ld_course_tag-step-de\">\n\t\t\t\t\t\t\t\t<div class=\"ribbon\">\n\t\t\t\tSTEP Kurs\t\t\t<\/div>\n\t\t\t\n\t\t\t\t\t\t<a\n\t\t\t\taria-hidden=\"true\"\n\t\t\t\thref=\"https:\/\/acteco.eu\/de\/courses\/step-u1-einfuehrung-stroh-und-strohballenbau\/\"\n\t\t\t\ttabindex=\"-1\"\n\t\t\t>\n\t\t\t\t<img fetchpriority=\"high\" decoding=\"async\" width=\"300\" height=\"169\" src=\"https:\/\/acteco.eu\/wp-content\/uploads\/2021\/02\/STEP-U1-Intro-Preview-DE_Seite_1-1-300x169.jpg\" class=\"attachment-medium size-medium wp-post-image\" alt=\"STEP U1: EINF\u00dcHRUNG STROH UND STROHBALLENBAU\" srcset=\"https:\/\/acteco.eu\/wp-content\/uploads\/2021\/02\/STEP-U1-Intro-Preview-DE_Seite_1-1-300x169.jpg 300w, https:\/\/acteco.eu\/wp-content\/uploads\/2021\/02\/STEP-U1-Intro-Preview-DE_Seite_1-1-1024x576.jpg 1024w, https:\/\/acteco.eu\/wp-content\/uploads\/2021\/02\/STEP-U1-Intro-Preview-DE_Seite_1-1-768x432.jpg 768w, https:\/\/acteco.eu\/wp-content\/uploads\/2021\/02\/STEP-U1-Intro-Preview-DE_Seite_1-1-400x225.jpg 400w, https:\/\/acteco.eu\/wp-content\/uploads\/2021\/02\/STEP-U1-Intro-Preview-DE_Seite_1-1-600x338.jpg 600w, https:\/\/acteco.eu\/wp-content\/uploads\/2021\/02\/STEP-U1-Intro-Preview-DE_Seite_1-1.jpg 1200w\" sizes=\"(max-width: 300px) 100vw, 300px\" \/>\t\t\t<\/a>\n\t\t\t\t\t\n\t\t\t\t\t<div class=\"caption\">\n\t\t\t\t<h3 class=\"entry-title\">STEP U1: EINF\u00dcHRUNG STROH UND STROHBALLENBAU<\/h3>\n\t\t\t\t\t\t\t\t<div class=\"entry-content\"><p>Dieser Kurs ist bereits verf\u00fcgbar. <b>Inhalte:<\/b> Geschichte und moderner Strohballenbau, Anpassung &#038; Handhabung: Qualit\u00e4t, Orientierung, Messen, Bearbeiten, Teilen, Abbinden, Schneiden und Einschneiden von Ballen; Dichte, Feuchtigkeit, Werkzeuge f\u00fcr den Strohballenbau und Lagerung von Ballen.<\/p>\n<\/div>\n\t\t\t\t\t\t\t\t<div class=\"ld_course_grid_button\">\n\t\t\t\t\t<a\n\t\t\t\t\t\taria-label=\"mehr Info...: STEP U1: EINF\u00dcHRUNG STROH UND STROHBALLENBAU\"\n\t\t\t\t\t\tclass=\"btn btn-primary\"\n\t\t\t\t\t\thref=\"https:\/\/acteco.eu\/de\/courses\/step-u1-einfuehrung-stroh-und-strohballenbau\/\"\n\t\t\t\t\t>\n\t\t\t\t\t\tmehr Info&#8230;\t\t\t\t\t<\/a>\n\t\t\t\t<\/div>\n\t\t\t\t\t\t\t\t\t\t\t\t\t\t\t\t\t\t\t\t\t\t\t\t\t\t\t<\/div><!-- .entry-header -->\n\t\t\t<\/article><!-- #post-## -->\n<\/div><!-- .ld_course_grid -->\n<!-- LearnDash Course Grid v1 --><div class=\"ld_course_grid col-sm-8 col-md-4 \">\n\t<article id=\"post-40291\" class=\" thumbnail course post-40291 sfwd-courses type-sfwd-courses status-publish has-post-thumbnail hentry category-step_training tag-step-de ld_course_category-step-training ld_course_tag-step-de\">\n\t\t\t\t\t\t\t\t<div class=\"ribbon\">\n\t\t\t\tSTEP Kurs\t\t\t<\/div>\n\t\t\t\n\t\t\t\t\t\t<a\n\t\t\t\taria-hidden=\"true\"\n\t\t\t\thref=\"https:\/\/acteco.eu\/de\/courses\/step-u2-infill-vorfertigung\/\"\n\t\t\t\ttabindex=\"-1\"\n\t\t\t>\n\t\t\t\t<img decoding=\"async\" width=\"300\" height=\"169\" src=\"https:\/\/acteco.eu\/wp-content\/uploads\/2021\/02\/2-4-300x169.jpg\" class=\"attachment-medium size-medium wp-post-image\" alt=\"STEP U2: INFILL &#038; VORFERTIGUNG\" srcset=\"https:\/\/acteco.eu\/wp-content\/uploads\/2021\/02\/2-4-300x169.jpg 300w, https:\/\/acteco.eu\/wp-content\/uploads\/2021\/02\/2-4-1024x576.jpg 1024w, https:\/\/acteco.eu\/wp-content\/uploads\/2021\/02\/2-4-768x432.jpg 768w, https:\/\/acteco.eu\/wp-content\/uploads\/2021\/02\/2-4-1536x864.jpg 1536w, https:\/\/acteco.eu\/wp-content\/uploads\/2021\/02\/2-4-400x225.jpg 400w, https:\/\/acteco.eu\/wp-content\/uploads\/2021\/02\/2-4-600x338.jpg 600w, https:\/\/acteco.eu\/wp-content\/uploads\/2021\/02\/2-4.jpg 1920w\" sizes=\"(max-width: 300px) 100vw, 300px\" \/>\t\t\t<\/a>\n\t\t\t\t\t\n\t\t\t\t\t<div class=\"caption\">\n\t\t\t\t<h3 class=\"entry-title\">STEP U2: INFILL &#038; VORFERTIGUNG<\/h3>\n\t\t\t\t\t\t\t\t<div class=\"entry-content\"><p>Dieser Kurs ist ab sofort verf\u00fcgbar. <b>Inhalt:<\/b> Umgang mit Werkzeugen, Planen &#038; Bauen von INFILL-Doppelst\u00e4nderw\u00e4nden, HYBRID-Konstruktionen (CUT, OrganiCUT, GREB), Ausf\u00fchren verschiedener Infill-Bauweisen, Kennenlernen von PREFAB-Strohballelementen und Vor- und Nachteile der verschiedenen Techniken.<\/p>\n<\/div>\n\t\t\t\t\t\t\t\t<div class=\"ld_course_grid_button\">\n\t\t\t\t\t<a\n\t\t\t\t\t\taria-label=\"mehr Info...: STEP U2: INFILL &#038; VORFERTIGUNG\"\n\t\t\t\t\t\tclass=\"btn btn-primary\"\n\t\t\t\t\t\thref=\"https:\/\/acteco.eu\/de\/courses\/step-u2-infill-vorfertigung\/\"\n\t\t\t\t\t>\n\t\t\t\t\t\tmehr Info&#8230;\t\t\t\t\t<\/a>\n\t\t\t\t<\/div>\n\t\t\t\t\t\t\t\t\t\t\t\t\t\t\t\t\t\t\t\t\t\t\t\t\t\t\t<\/div><!-- .entry-header -->\n\t\t\t<\/article><!-- #post-## -->\n<\/div><!-- .ld_course_grid -->\n<!-- LearnDash Course Grid v1 --><div class=\"ld_course_grid col-sm-8 col-md-4 \">\n\t<article id=\"post-40385\" class=\" thumbnail course post-40385 sfwd-courses type-sfwd-courses status-publish has-post-thumbnail hentry category-step_training tag-step-de ld_course_category-step-training ld_course_tag-step-de\">\n\t\t\t\t\t\t\t\t<div class=\"ribbon\">\n\t\t\t\tSTEP Kurs\t\t\t<\/div>\n\t\t\t\n\t\t\t\t\t\t<a\n\t\t\t\taria-hidden=\"true\"\n\t\t\t\thref=\"https:\/\/acteco.eu\/de\/courses\/step-u3-lasttragende-strohballenbau-konstruktionen\/\"\n\t\t\t\ttabindex=\"-1\"\n\t\t\t>\n\t\t\t\t<img decoding=\"async\" width=\"300\" height=\"169\" src=\"https:\/\/acteco.eu\/wp-content\/uploads\/2021\/02\/3-4-300x169.jpg\" class=\"attachment-medium size-medium wp-post-image\" alt=\"STEP U3: Lasttragende Strohballenbau Konstruktionen\" srcset=\"https:\/\/acteco.eu\/wp-content\/uploads\/2021\/02\/3-4-300x169.jpg 300w, https:\/\/acteco.eu\/wp-content\/uploads\/2021\/02\/3-4-1024x576.jpg 1024w, https:\/\/acteco.eu\/wp-content\/uploads\/2021\/02\/3-4-768x432.jpg 768w, https:\/\/acteco.eu\/wp-content\/uploads\/2021\/02\/3-4-1536x864.jpg 1536w, https:\/\/acteco.eu\/wp-content\/uploads\/2021\/02\/3-4-400x225.jpg 400w, https:\/\/acteco.eu\/wp-content\/uploads\/2021\/02\/3-4-600x338.jpg 600w, https:\/\/acteco.eu\/wp-content\/uploads\/2021\/02\/3-4.jpg 1920w\" sizes=\"(max-width: 300px) 100vw, 300px\" \/>\t\t\t<\/a>\n\t\t\t\t\t\n\t\t\t\t\t<div class=\"caption\">\n\t\t\t\t<h3 class=\"entry-title\">STEP U3: Lasttragende Strohballenbau Konstruktionen<\/h3>\n\t\t\t\t\t\t\t\t<div class=\"entry-content\"><p>Dieser Kurs ist bereits verf\u00fcgbar. <b>Inhalt:<\/b> Lasttragende Konstruktionsmethoden (Gro\u00df- und Kleinballentechnik, Konstruktion von Kopfschwellen und Fensterk\u00e4sten, geeignete D\u00e4cher, Anschluss an D\u00e4cher und Decken, strukturelles Verhalten, innovative Beispiele f\u00fcr lasttragende Konstruktionen.<\/p>\n<\/div>\n\t\t\t\t\t\t\t\t<div class=\"ld_course_grid_button\">\n\t\t\t\t\t<a\n\t\t\t\t\t\taria-label=\"Enroll Now: STEP U3: Lasttragende Strohballenbau Konstruktionen\"\n\t\t\t\t\t\tclass=\"btn btn-primary\"\n\t\t\t\t\t\thref=\"https:\/\/acteco.eu\/de\/courses\/step-u3-lasttragende-strohballenbau-konstruktionen\/\"\n\t\t\t\t\t>\n\t\t\t\t\t\tEnroll Now\t\t\t\t\t<\/a>\n\t\t\t\t<\/div>\n\t\t\t\t\t\t\t\t\t\t\t\t\t\t\t\t\t\t\t\t\t\t\t\t\t\t\t<\/div><!-- .entry-header -->\n\t\t\t<\/article><!-- #post-## -->\n<\/div><!-- .ld_course_grid -->\n<!-- LearnDash Course Grid v1 --><div class=\"ld_course_grid col-sm-8 col-md-4 \">\n\t<article id=\"post-47819\" class=\" thumbnail course post-47819 sfwd-courses type-sfwd-courses status-publish has-post-thumbnail hentry category-step_training tag-step-de ld_course_category-step-training ld_course_tag-step-de\">\n\t\t\t\t\t\t\t\t<div class=\"ribbon\">\n\t\t\t\tSTEP Kurs\t\t\t<\/div>\n\t\t\t\n\t\t\t\t\t\t<a\n\t\t\t\taria-hidden=\"true\"\n\t\t\t\thref=\"https:\/\/acteco.eu\/de\/courses\/step-u4-wrapping-und-thermische-sanierung-mit-stroh\/\"\n\t\t\t\ttabindex=\"-1\"\n\t\t\t>\n\t\t\t\t<img loading=\"lazy\" decoding=\"async\" width=\"300\" height=\"169\" src=\"https:\/\/acteco.eu\/wp-content\/uploads\/2020\/04\/1-300x169.jpg\" class=\"attachment-medium size-medium wp-post-image\" alt=\"STEP U4: Wrapping und thermische Sanierung mit Stroh\" srcset=\"https:\/\/acteco.eu\/wp-content\/uploads\/2020\/04\/1-300x169.jpg 300w, https:\/\/acteco.eu\/wp-content\/uploads\/2020\/04\/1-1024x576.jpg 1024w, https:\/\/acteco.eu\/wp-content\/uploads\/2020\/04\/1-768x432.jpg 768w, https:\/\/acteco.eu\/wp-content\/uploads\/2020\/04\/1-1536x864.jpg 1536w, https:\/\/acteco.eu\/wp-content\/uploads\/2020\/04\/1-400x225.jpg 400w, https:\/\/acteco.eu\/wp-content\/uploads\/2020\/04\/1-600x338.jpg 600w, https:\/\/acteco.eu\/wp-content\/uploads\/2020\/04\/1.jpg 1920w\" sizes=\"(max-width: 300px) 100vw, 300px\" \/>\t\t\t<\/a>\n\t\t\t\t\t\n\t\t\t\t\t<div class=\"caption\">\n\t\t\t\t<h3 class=\"entry-title\">STEP U4: Wrapping und thermische Sanierung mit Stroh<\/h3>\n\t\t\t\t\t\t\t\t<div class=\"entry-content\"><p>Dieser Kurs ist bereits verf\u00fcgbar. <b>Inhalt:<\/b> \u00dcberpr\u00fcfung des Bestands und Checkliste, \u00dcbersicht Wrapping- und D\u00e4mmmethoden (Strohballen in CUT-Hybridbauweise, an die Wand gebunden oder gespannt; Strohlagen mit Leisten, Brettern, Paletten, Platten fixiert; vorgefertigte Module), Oberfl\u00e4chen, Innend\u00e4mmung<\/p>\n<\/div>\n\t\t\t\t\t\t\t\t<div class=\"ld_course_grid_button\">\n\t\t\t\t\t<a\n\t\t\t\t\t\taria-label=\"mehr Info...: STEP U4: Wrapping und thermische Sanierung mit Stroh\"\n\t\t\t\t\t\tclass=\"btn btn-primary\"\n\t\t\t\t\t\thref=\"https:\/\/acteco.eu\/de\/courses\/step-u4-wrapping-und-thermische-sanierung-mit-stroh\/\"\n\t\t\t\t\t>\n\t\t\t\t\t\tmehr Info&#8230;\t\t\t\t\t<\/a>\n\t\t\t\t<\/div>\n\t\t\t\t\t\t\t\t\t\t\t\t\t\t\t\t\t\t\t\t\t\t\t\t\t\t\t<\/div><!-- .entry-header -->\n\t\t\t<\/article><!-- #post-## -->\n<\/div><!-- .ld_course_grid -->\n<!-- LearnDash Course Grid v1 --><div class=\"ld_course_grid col-sm-8 col-md-4 \">\n\t<article id=\"post-51314\" class=\" thumbnail course post-51314 sfwd-courses type-sfwd-courses status-publish has-post-thumbnail hentry category-step_training tag-step-de ld_course_category-step-training ld_course_tag-step-de ld_course_tag-step-de-2\">\n\t\t\t\t\t\t\t\t<div class=\"ribbon\">\n\t\t\t\tSTEP Kurs\t\t\t<\/div>\n\t\t\t\n\t\t\t\t\t\t<a\n\t\t\t\taria-hidden=\"true\"\n\t\t\t\thref=\"https:\/\/acteco.eu\/de\/courses\/step-u5-finishes-clay-lime-cladding\/\"\n\t\t\t\ttabindex=\"-1\"\n\t\t\t>\n\t\t\t\t<img loading=\"lazy\" decoding=\"async\" width=\"300\" height=\"169\" src=\"https:\/\/acteco.eu\/wp-content\/uploads\/2021\/02\/STEP-U1-U7-Coverbilder-EN_Seite_5-300x169.jpg\" class=\"attachment-medium size-medium wp-post-image\" alt=\"STEP U5: Oberfl\u00e4chen &#8211; Lehm, Kalk, Verkleidungen\" srcset=\"https:\/\/acteco.eu\/wp-content\/uploads\/2021\/02\/STEP-U1-U7-Coverbilder-EN_Seite_5-300x169.jpg 300w, https:\/\/acteco.eu\/wp-content\/uploads\/2021\/02\/STEP-U1-U7-Coverbilder-EN_Seite_5-1024x576.jpg 1024w, https:\/\/acteco.eu\/wp-content\/uploads\/2021\/02\/STEP-U1-U7-Coverbilder-EN_Seite_5-768x432.jpg 768w, https:\/\/acteco.eu\/wp-content\/uploads\/2021\/02\/STEP-U1-U7-Coverbilder-EN_Seite_5-1536x864.jpg 1536w, https:\/\/acteco.eu\/wp-content\/uploads\/2021\/02\/STEP-U1-U7-Coverbilder-EN_Seite_5-2048x1152.jpg 2048w, https:\/\/acteco.eu\/wp-content\/uploads\/2021\/02\/STEP-U1-U7-Coverbilder-EN_Seite_5-400x225.jpg 400w, https:\/\/acteco.eu\/wp-content\/uploads\/2021\/02\/STEP-U1-U7-Coverbilder-EN_Seite_5-600x338.jpg 600w\" sizes=\"(max-width: 300px) 100vw, 300px\" \/>\t\t\t<\/a>\n\t\t\t\t\t\n\t\t\t\t\t<div class=\"caption\">\n\t\t\t\t<h3 class=\"entry-title\">STEP U5: Oberfl\u00e4chen &#8211; Lehm, Kalk, Verkleidungen<\/h3>\n\t\t\t\t\t\t\t\t<div class=\"entry-content\"><p>Dieser Kurs ist absofort verf\u00fcgbar sein. <b>Inhalt:<\/b> Werkzeuge und Maschinen zum Verputzen und Bekleiden, Herstellen des Putzgrundes, Putz-Putz-Gemisch (Lehm, Kalk), Wand- und Tragkonstruktionen f\u00fcr Bekleidungen, Bekleidungssysteme, luft-, wind- und regensichere Details, Berechnung von Putz- und Bekleidungsmengen.<\/p>\n<\/div>\n\t\t\t\t\t\t\t\t<div class=\"ld_course_grid_button\">\n\t\t\t\t\t<a\n\t\t\t\t\t\taria-label=\"Weiter: STEP U5: Oberfl\u00e4chen &#8211; Lehm, Kalk, Verkleidungen\"\n\t\t\t\t\t\tclass=\"btn btn-primary\"\n\t\t\t\t\t\thref=\"https:\/\/acteco.eu\/de\/courses\/step-u5-finishes-clay-lime-cladding\/\"\n\t\t\t\t\t>\n\t\t\t\t\t\tWeiter\t\t\t\t\t<\/a>\n\t\t\t\t<\/div>\n\t\t\t\t\t\t\t\t\t\t\t\t\t\t\t\t\t\t\t\t\t\t\t\t\t\t\t<\/div><!-- .entry-header -->\n\t\t\t<\/article><!-- #post-## -->\n<\/div><!-- .ld_course_grid -->\n<!-- LearnDash Course Grid v1 --><div class=\"ld_course_grid col-sm-8 col-md-4 \">\n\t<article id=\"post-61658\" class=\" thumbnail course post-61658 sfwd-courses type-sfwd-courses status-publish has-post-thumbnail hentry category-step_training tag-step-de ld_course_category-step-training ld_course_tag-step-de\">\n\t\t\t\t\t\t\t\t<div class=\"ribbon\">\n\t\t\t\tSTEP Kurs\t\t\t<\/div>\n\t\t\t\n\t\t\t\t\t\t<a\n\t\t\t\taria-hidden=\"true\"\n\t\t\t\thref=\"https:\/\/acteco.eu\/de\/courses\/building-physics\/\"\n\t\t\t\ttabindex=\"-1\"\n\t\t\t>\n\t\t\t\t<img loading=\"lazy\" decoding=\"async\" width=\"300\" height=\"169\" src=\"https:\/\/acteco.eu\/wp-content\/uploads\/2021\/04\/2-20-300x169.jpg\" class=\"attachment-medium size-medium wp-post-image\" alt=\"STEP U6: Bauphysik und Raumklima\" srcset=\"https:\/\/acteco.eu\/wp-content\/uploads\/2021\/04\/2-20-300x169.jpg 300w, https:\/\/acteco.eu\/wp-content\/uploads\/2021\/04\/2-20-1024x576.jpg 1024w, https:\/\/acteco.eu\/wp-content\/uploads\/2021\/04\/2-20-768x432.jpg 768w, https:\/\/acteco.eu\/wp-content\/uploads\/2021\/04\/2-20-1536x864.jpg 1536w, https:\/\/acteco.eu\/wp-content\/uploads\/2021\/04\/2-20-400x225.jpg 400w, https:\/\/acteco.eu\/wp-content\/uploads\/2021\/04\/2-20-600x338.jpg 600w, https:\/\/acteco.eu\/wp-content\/uploads\/2021\/04\/2-20.jpg 1920w\" sizes=\"(max-width: 300px) 100vw, 300px\" \/>\t\t\t<\/a>\n\t\t\t\t\t\n\t\t\t\t\t<div class=\"caption\">\n\t\t\t\t<h3 class=\"entry-title\">STEP U6: Bauphysik und Raumklima<\/h3>\n\t\t\t\t\t\t\t\t<div class=\"entry-content\"><p>Dieser Kurs ist bereits verf\u00fcgbar. Inhalte: W\u00e4rme\u00fcbertragung, Brandschutz, Feuchtigkeit und Schalld\u00e4mmung sowie gesundes Raumklima, Energieeffizienz und h\u00e4ufige Fehler und L\u00f6sungen im Zusammenhang mit W\u00e4rmebr\u00fccken, mangelnder Luft- und Winddichtheit. Energiestandards und wie man sie erreichen kann.<\/p>\n<\/div>\n\t\t\t\t\t\t\t\t<div class=\"ld_course_grid_button\">\n\t\t\t\t\t<a\n\t\t\t\t\t\taria-label=\"See more...: STEP U6: Bauphysik und Raumklima\"\n\t\t\t\t\t\tclass=\"btn btn-primary\"\n\t\t\t\t\t\thref=\"https:\/\/acteco.eu\/de\/courses\/building-physics\/\"\n\t\t\t\t\t>\n\t\t\t\t\t\tSee more&#8230;\t\t\t\t\t<\/a>\n\t\t\t\t<\/div>\n\t\t\t\t\t\t\t\t\t\t\t\t\t\t\t\t\t\t\t\t\t\t\t\t\t\t\t<\/div><!-- .entry-header -->\n\t\t\t<\/article><!-- #post-## -->\n<\/div><!-- .ld_course_grid -->\n<!-- LearnDash Course Grid v1 --><div class=\"ld_course_grid col-sm-8 col-md-4 \">\n\t<article id=\"post-51322\" class=\" thumbnail course post-51322 sfwd-courses type-sfwd-courses status-publish has-post-thumbnail hentry category-step_training ld_course_tag-step-de-2\">\n\t\t\t\t\t\t\t\t<div class=\"ribbon\">\n\t\t\t\tSTEP Kurs\t\t\t<\/div>\n\t\t\t\n\t\t\t\t\t\t<a\n\t\t\t\taria-hidden=\"true\"\n\t\t\t\thref=\"https:\/\/acteco.eu\/de\/courses\/step-u7-architecture-and-planning-of-straw-bale-buildings\/\"\n\t\t\t\ttabindex=\"-1\"\n\t\t\t>\n\t\t\t\t<img loading=\"lazy\" decoding=\"async\" width=\"300\" height=\"169\" src=\"https:\/\/acteco.eu\/wp-content\/uploads\/2021\/02\/8-25-300x169.jpg\" class=\"attachment-medium size-medium wp-post-image\" alt=\"STEP U7: Architektur und Planung von Strohballengeb\u00e4uden\" srcset=\"https:\/\/acteco.eu\/wp-content\/uploads\/2021\/02\/8-25-300x169.jpg 300w, https:\/\/acteco.eu\/wp-content\/uploads\/2021\/02\/8-25-1024x576.jpg 1024w, https:\/\/acteco.eu\/wp-content\/uploads\/2021\/02\/8-25-768x432.jpg 768w, https:\/\/acteco.eu\/wp-content\/uploads\/2021\/02\/8-25-1536x864.jpg 1536w, https:\/\/acteco.eu\/wp-content\/uploads\/2021\/02\/8-25-400x225.jpg 400w, https:\/\/acteco.eu\/wp-content\/uploads\/2021\/02\/8-25-600x338.jpg 600w, https:\/\/acteco.eu\/wp-content\/uploads\/2021\/02\/8-25.jpg 1920w\" sizes=\"(max-width: 300px) 100vw, 300px\" \/>\t\t\t<\/a>\n\t\t\t\t\t\n\t\t\t\t\t<div class=\"caption\">\n\t\t\t\t<h3 class=\"entry-title\">STEP U7: Architektur und Planung von Strohballengeb\u00e4uden<\/h3>\n\t\t\t\t\t\t\t\t<div class=\"entry-content\"><p>Dieser Kurs ist bereits verf\u00fcgbar. <b>Inhalt:<\/b> Grundlagen der solaren Planung, Standards f\u00fcr Neubau und Renovierung, Baumaterialien, Kostensch\u00e4tzung, Details, Skizzieren eines Entwurfs und KJonstruktionsplans, Vermeiden und Beheben von Fehlern und Sch\u00e4den im Strohballenbau<\/p>\n<\/div>\n\t\t\t\t\t\t\t\t<div class=\"ld_course_grid_button\">\n\t\t\t\t\t<a\n\t\t\t\t\t\taria-label=\"mehr Info...: STEP U7: Architektur und Planung von Strohballengeb\u00e4uden\"\n\t\t\t\t\t\tclass=\"btn btn-primary\"\n\t\t\t\t\t\thref=\"https:\/\/acteco.eu\/de\/courses\/step-u7-architecture-and-planning-of-straw-bale-buildings\/\"\n\t\t\t\t\t>\n\t\t\t\t\t\tmehr Info&#8230;\t\t\t\t\t<\/a>\n\t\t\t\t<\/div>\n\t\t\t\t\t\t\t\t\t\t\t\t\t\t\t\t\t\t\t\t\t\t\t\t\t\t\t<\/div><!-- .entry-header -->\n\t\t\t<\/article><!-- #post-## -->\n<\/div><!-- .ld_course_grid -->\n<!-- LearnDash Course Grid v1 --><div class=\"ld_course_grid col-sm-8 col-md-4 \">\n\t<article id=\"post-68028\" class=\" thumbnail course post-68028 sfwd-courses type-sfwd-courses status-publish has-post-thumbnail hentry category-step_training ld_course_category-paid ld_course_category-step-training\">\n\t\t\t\t\t\t\t\t<div class=\"ribbon\">\n\t\t\t\tAdvanced STEP Kurs\t\t\t<\/div>\n\t\t\t\n\t\t\t\t\t\t<a\n\t\t\t\taria-hidden=\"true\"\n\t\t\t\thref=\"https:\/\/acteco.eu\/de\/courses\/step-u8-kommunikation-und-kalkulation\/\"\n\t\t\t\ttabindex=\"-1\"\n\t\t\t>\n\t\t\t\t<img loading=\"lazy\" decoding=\"async\" width=\"300\" height=\"169\" src=\"https:\/\/acteco.eu\/wp-content\/uploads\/2021\/08\/1-300x169.jpg\" class=\"attachment-medium size-medium wp-post-image\" alt=\"STEP U8: Kommunikation und Kalkulation\" srcset=\"https:\/\/acteco.eu\/wp-content\/uploads\/2021\/08\/1-300x169.jpg 300w, https:\/\/acteco.eu\/wp-content\/uploads\/2021\/08\/1-1024x576.jpg 1024w, https:\/\/acteco.eu\/wp-content\/uploads\/2021\/08\/1-768x432.jpg 768w, https:\/\/acteco.eu\/wp-content\/uploads\/2021\/08\/1-1536x864.jpg 1536w, https:\/\/acteco.eu\/wp-content\/uploads\/2021\/08\/1-400x225.jpg 400w, https:\/\/acteco.eu\/wp-content\/uploads\/2021\/08\/1-600x338.jpg 600w, https:\/\/acteco.eu\/wp-content\/uploads\/2021\/08\/1.jpg 1920w\" sizes=\"(max-width: 300px) 100vw, 300px\" \/>\t\t\t<\/a>\n\t\t\t\t\t\n\t\t\t\t\t<div class=\"caption\">\n\t\t\t\t<h3 class=\"entry-title\">STEP U8: Kommunikation und Kalkulation<\/h3>\n\t\t\t\t\t\t\t\t<div class=\"entry-content\"><p>Dieser STEP-Kurs erkl\u00e4rt, wie du mit deinen Kunden kommunizierst, was du brauchst, um \u00fcberzeugend zu sein, wie du die Baukosten sch\u00e4tzt und eine detaillierte Kalkulation erstellst. Wir zeigen auch wichtige (kostenlose) empfohlene Programme f\u00fcr Bild + Text, eine Diashow, ein Video. Wir stellen die empfehlenswertesten und leicht zu erlernenden kostenlosen Programme vor.<\/p>\n<\/div>\n\t\t\t\t\t\t\t\t<div class=\"ld_course_grid_button\">\n\t\t\t\t\t<a\n\t\t\t\t\t\taria-label=\"Weiter...: STEP U8: Kommunikation und Kalkulation\"\n\t\t\t\t\t\tclass=\"btn btn-primary\"\n\t\t\t\t\t\thref=\"https:\/\/acteco.eu\/de\/courses\/step-u8-kommunikation-und-kalkulation\/\"\n\t\t\t\t\t>\n\t\t\t\t\t\tWeiter&#8230;\t\t\t\t\t<\/a>\n\t\t\t\t<\/div>\n\t\t\t\t\t\t\t\t\t\t\t\t\t\t\t\t\t\t\t\t\t\t\t\t\t\t\t<\/div><!-- .entry-header -->\n\t\t\t<\/article><!-- #post-## -->\n<\/div><!-- .ld_course_grid -->\n\t<\/div>\n\t\t\t<\/div>\n\t\t<\/div>\n\n\n<p><\/p>\n","protected":false},"excerpt":{"rendered":"","protected":false},"author":1,"featured_media":39843,"parent":0,"menu_order":0,"comment_status":"closed","ping_status":"closed","template":"","meta":{"site-sidebar-layout":"default","site-content-layout":"default","ast-site-content-layout":"default","site-content-style":"default","site-sidebar-style":"default","ast-global-header-display":"","ast-banner-title-visibility":"","ast-main-header-display":"","ast-hfb-above-header-display":"","ast-hfb-below-header-display":"","ast-hfb-mobile-header-display":"","site-post-title":"","ast-breadcrumbs-content":"","ast-featured-img":"","footer-sml-layout":"","ast-disable-related-posts":"","theme-transparent-header-meta":"enabled","adv-header-id-meta":"","stick-header-meta":"","header-above-stick-meta":"","header-main-stick-meta":"","header-below-stick-meta":"","astra-migrate-meta-layouts":"set","ast-page-background-enabled":"default","ast-page-background-meta":{"desktop":{"background-color":"","background-image":"","background-repeat":"repeat","background-position":"center center","background-size":"auto","background-attachment":"scroll","background-type":"","background-media":"","overlay-type":"","overlay-color":"","overlay-opacity":"","overlay-gradient":""},"tablet":{"background-color":"","background-image":"","background-repeat":"repeat","background-position":"center center","background-size":"auto","background-attachment":"scroll","background-type":"","background-media":"","overlay-type":"","overlay-color":"","overlay-opacity":"","overlay-gradient":""},"mobile":{"background-color":"","background-image":"","background-repeat":"repeat","background-position":"center center","background-size":"auto","background-attachment":"scroll","background-type":"","background-media":"","overlay-type":"","overlay-color":"","overlay-opacity":"","overlay-gradient":""}},"ast-content-background-meta":{"desktop":{"background-color":"var(--ast-global-color-5)","background-image":"","background-repeat":"repeat","background-position":"center center","background-size":"auto","background-attachment":"scroll","background-type":"","background-media":"","overlay-type":"","overlay-color":"","overlay-opacity":"","overlay-gradient":""},"tablet":{"background-color":"var(--ast-global-color-5)","background-image":"","background-repeat":"repeat","background-position":"center center","background-size":"auto","background-attachment":"scroll","background-type":"","background-media":"","overlay-type":"","overlay-color":"","overlay-opacity":"","overlay-gradient":""},"mobile":{"background-color":"var(--ast-global-color-5)","background-image":"","background-repeat":"repeat","background-position":"center center","background-size":"auto","background-attachment":"scroll","background-type":"","background-media":"","overlay-type":"","overlay-color":"","overlay-opacity":"","overlay-gradient":""}},"footnotes":""},"class_list":["post-51269","page","type-page","status-publish","has-post-thumbnail","hentry"],"_links":{"self":[{"href":"https:\/\/acteco.eu\/de\/wp-json\/wp\/v2\/pages\/51269","targetHints":{"allow":["GET"]}}],"collection":[{"href":"https:\/\/acteco.eu\/de\/wp-json\/wp\/v2\/pages"}],"about":[{"href":"https:\/\/acteco.eu\/de\/wp-json\/wp\/v2\/types\/page"}],"author":[{"embeddable":true,"href":"https:\/\/acteco.eu\/de\/wp-json\/wp\/v2\/users\/1"}],"replies":[{"embeddable":true,"href":"https:\/\/acteco.eu\/de\/wp-json\/wp\/v2\/comments?post=51269"}],"version-history":[{"count":23,"href":"https:\/\/acteco.eu\/de\/wp-json\/wp\/v2\/pages\/51269\/revisions"}],"predecessor-version":[{"id":77807,"href":"https:\/\/acteco.eu\/de\/wp-json\/wp\/v2\/pages\/51269\/revisions\/77807"}],"wp:featuredmedia":[{"embeddable":true,"href":"https:\/\/acteco.eu\/de\/wp-json\/wp\/v2\/media\/39843"}],"wp:attachment":[{"href":"https:\/\/acteco.eu\/de\/wp-json\/wp\/v2\/media?parent=51269"}],"curies":[{"name":"wp","href":"https:\/\/api.w.org\/{rel}","templated":true}]}}