{"id":65144,"date":"2021-06-06T21:39:59","date_gmt":"2021-06-06T19:39:59","guid":{"rendered":"https:\/\/acteco.eu\/nachhaltigkeit-training-kurse\/"},"modified":"2022-06-01T15:46:54","modified_gmt":"2022-06-01T13:46:54","slug":"nachhaltigkeit-training-kurse","status":"publish","type":"page","link":"https:\/\/acteco.eu\/de\/nachhaltigkeit-training-kurse\/","title":{"rendered":"NACHHALTIGKEIT &#038; TRAINING KURSE"},"content":{"rendered":"<div class=\"learndash-wrap\"><div id=\"ld-course-list-content-59ebb2cd02d8b7e2dab32dadd4b53d6f\" class=\"ld-course-list-content\" data-shortcode-atts=\"{&quot;orderby&quot;:&quot;title&quot;,&quot;order&quot;:&quot;ASC&quot;,&quot;category_name&quot;:&quot;Sustainable Building&quot;,&quot;course_grid&quot;:&quot;true&quot;}\">\n\t\t\t<div class=\"ld-course-list-items row\">\n\t<!-- LearnDash Course Grid v1 --><div class=\"ld_course_grid col-sm-8 col-md-4 \">\n\t<article id=\"post-72949\" class=\" thumbnail course post-72949 sfwd-courses type-sfwd-courses status-publish has-post-thumbnail hentry category-free-de category-sustainable-building-de category-training-for-change category-sustainable-building ld_course_category-free\">\n\t\t\t\t\t\t\t\t<div class=\"ribbon\">\n\t\t\t\tFREIER KURS\t\t\t<\/div>\n\t\t\t\n\t\t\t\t\t\t<a\n\t\t\t\taria-hidden=\"true\"\n\t\t\t\thref=\"https:\/\/acteco.eu\/de\/courses\/nachhaltigkeit-6-lektionen-level-2\/\"\n\t\t\t\ttabindex=\"-1\"\n\t\t\t>\n\t\t\t\t<img decoding=\"async\" width=\"300\" height=\"152\" src=\"https:\/\/acteco.eu\/wp-content\/uploads\/2022\/01\/acteco-kurse-6-300x152.jpg\" class=\"attachment-medium size-medium wp-post-image\" alt=\"NACHHALTIGKEIT &#8211; 6 Lektionen (Level 2)\" srcset=\"https:\/\/acteco.eu\/wp-content\/uploads\/2022\/01\/acteco-kurse-6-300x152.jpg 300w, https:\/\/acteco.eu\/wp-content\/uploads\/2022\/01\/acteco-kurse-6-1024x519.jpg 1024w, https:\/\/acteco.eu\/wp-content\/uploads\/2022\/01\/acteco-kurse-6-768x389.jpg 768w, https:\/\/acteco.eu\/wp-content\/uploads\/2022\/01\/acteco-kurse-6-600x304.jpg 600w, https:\/\/acteco.eu\/wp-content\/uploads\/2022\/01\/acteco-kurse-6.jpg 1400w\" sizes=\"(max-width: 300px) 100vw, 300px\" \/>\t\t\t<\/a>\n\t\t\t\t\t\n\t\t\t\t\t<div class=\"caption\">\n\t\t\t\t<h3 class=\"entry-title\">NACHHALTIGKEIT &#8211; 6 Lektionen (Level 2)<\/h3>\n\t\t\t\t\t\t\t\t<div class=\"entry-content\"><p>Der ACTeco-Kurs umfasst 6 Lektionen mit grundlegenden Informationen \u00fcber Nachhaltigkeit, Klimawandel, Energie, nachhaltiges Leben, nachhaltiges Bauen und Renovieren.<\/p>\n<\/div>\n\t\t\t\t\t\t\t\t<div class=\"ld_course_grid_button\">\n\t\t\t\t\t<a\n\t\t\t\t\t\taria-label=\"Enroll Now: NACHHALTIGKEIT &#8211; 6 Lektionen (Level 2)\"\n\t\t\t\t\t\tclass=\"btn btn-primary\"\n\t\t\t\t\t\thref=\"https:\/\/acteco.eu\/de\/courses\/nachhaltigkeit-6-lektionen-level-2\/\"\n\t\t\t\t\t>\n\t\t\t\t\t\tEnroll Now\t\t\t\t\t<\/a>\n\t\t\t\t<\/div>\n\t\t\t\t\t\t\t<\/div><!-- .entry-header -->\n\t\t\t<\/article><!-- #post-## -->\n<\/div><!-- .ld_course_grid -->\n<!-- LearnDash Course Grid v1 --><div class=\"ld_course_grid col-sm-8 col-md-4 \">\n\t<article id=\"post-72943\" class=\" thumbnail course post-72943 sfwd-courses type-sfwd-courses status-publish has-post-thumbnail hentry category-free-de category-sustainable-building-de category-sustainable-building category-training ld_course_category-free\">\n\t\t\t\t\t\t\t\t<div class=\"ribbon\">\n\t\t\t\tFREIER KURS\t\t\t<\/div>\n\t\t\t\n\t\t\t\t\t\t<a\n\t\t\t\taria-hidden=\"true\"\n\t\t\t\thref=\"https:\/\/acteco.eu\/de\/courses\/nachhaltigkeit-von-sustainability-zu-oekobau-einfuehrung\/\"\n\t\t\t\ttabindex=\"-1\"\n\t\t\t>\n\t\t\t\t<img decoding=\"async\" width=\"300\" height=\"152\" src=\"https:\/\/acteco.eu\/wp-content\/uploads\/2022\/04\/SUSTAINABILITY-INTRO-DE-1-300x152.jpg\" class=\"attachment-medium size-medium wp-post-image\" alt=\"NACHHALTIGKEIT \u2013 Von Sustainability zu \u00d6kobau (Einf\u00fchrung)\" srcset=\"https:\/\/acteco.eu\/wp-content\/uploads\/2022\/04\/SUSTAINABILITY-INTRO-DE-1-300x152.jpg 300w, https:\/\/acteco.eu\/wp-content\/uploads\/2022\/04\/SUSTAINABILITY-INTRO-DE-1-1024x519.jpg 1024w, https:\/\/acteco.eu\/wp-content\/uploads\/2022\/04\/SUSTAINABILITY-INTRO-DE-1-768x389.jpg 768w, https:\/\/acteco.eu\/wp-content\/uploads\/2022\/04\/SUSTAINABILITY-INTRO-DE-1-600x304.jpg 600w, https:\/\/acteco.eu\/wp-content\/uploads\/2022\/04\/SUSTAINABILITY-INTRO-DE-1.jpg 1400w\" sizes=\"(max-width: 300px) 100vw, 300px\" \/>\t\t\t<\/a>\n\t\t\t\t\t\n\t\t\t\t\t<div class=\"caption\">\n\t\t\t\t<h3 class=\"entry-title\">NACHHALTIGKEIT \u2013 Von Sustainability zu \u00d6kobau (Einf\u00fchrung)<\/h3>\n\t\t\t\t\t\t\t\t<div class=\"entry-content\"><p>ACTeco 20- bis 30-min\u00fctiger Kurs mit einer kurzen Einf\u00fchrung in die Nachhaltigkeitsziele und nachhaltiges Bauen mit Schwerpunkt \u00d6kobau.<\/p>\n<\/div>\n\t\t\t\t\t\t\t\t<div class=\"ld_course_grid_button\">\n\t\t\t\t\t<a\n\t\t\t\t\t\taria-label=\"Enroll Now: NACHHALTIGKEIT \u2013 Von Sustainability zu \u00d6kobau (Einf\u00fchrung)\"\n\t\t\t\t\t\tclass=\"btn btn-primary\"\n\t\t\t\t\t\thref=\"https:\/\/acteco.eu\/de\/courses\/nachhaltigkeit-von-sustainability-zu-oekobau-einfuehrung\/\"\n\t\t\t\t\t>\n\t\t\t\t\t\tEnroll Now\t\t\t\t\t<\/a>\n\t\t\t\t<\/div>\n\t\t\t\t\t\t\t<\/div><!-- .entry-header -->\n\t\t\t<\/article><!-- #post-## -->\n<\/div><!-- .ld_course_grid -->\n<!-- LearnDash Course Grid v1 --><div class=\"ld_course_grid col-sm-8 col-md-4 \">\n\t<article id=\"post-72965\" class=\" thumbnail course post-72965 sfwd-courses type-sfwd-courses status-publish has-post-thumbnail hentry category-free-de category-sustainable-building-de ld_course_category-free\">\n\t\t\t\t\t\t\t\t<div class=\"ribbon\">\n\t\t\t\tFREIER KURS\t\t\t<\/div>\n\t\t\t\n\t\t\t\t\t\t<a\n\t\t\t\taria-hidden=\"true\"\n\t\t\t\thref=\"https:\/\/acteco.eu\/de\/courses\/nachhaltigkeit-01-nachhaltigkeit-verstehen-level-2\/\"\n\t\t\t\ttabindex=\"-1\"\n\t\t\t>\n\t\t\t\t<img decoding=\"async\" width=\"300\" height=\"152\" src=\"https:\/\/acteco.eu\/wp-content\/uploads\/2021\/09\/SUSTAINABILITY-01-DE-1-300x152.jpg\" class=\"attachment-medium size-medium wp-post-image\" alt=\"NACHHALTIGKEIT 01 &#8211; Nachhaltigkeit verstehen (Level 2)\" srcset=\"https:\/\/acteco.eu\/wp-content\/uploads\/2021\/09\/SUSTAINABILITY-01-DE-1-300x152.jpg 300w, https:\/\/acteco.eu\/wp-content\/uploads\/2021\/09\/SUSTAINABILITY-01-DE-1-1024x519.jpg 1024w, https:\/\/acteco.eu\/wp-content\/uploads\/2021\/09\/SUSTAINABILITY-01-DE-1-768x389.jpg 768w, https:\/\/acteco.eu\/wp-content\/uploads\/2021\/09\/SUSTAINABILITY-01-DE-1-600x304.jpg 600w, https:\/\/acteco.eu\/wp-content\/uploads\/2021\/09\/SUSTAINABILITY-01-DE-1.jpg 1400w\" sizes=\"(max-width: 300px) 100vw, 300px\" \/>\t\t\t<\/a>\n\t\t\t\t\t\n\t\t\t\t\t<div class=\"caption\">\n\t\t\t\t<h3 class=\"entry-title\">NACHHALTIGKEIT 01 &#8211; Nachhaltigkeit verstehen (Level 2)<\/h3>\n\t\t\t\t\t\t\t\t<div class=\"entry-content\"><p>Die ACTeco-Lektion zeigt die grundlegende Bedeutung von Nachhaltigkeit und warum Nachhaltigkeit f\u00fcr das menschliche Leben auf der Erde unerl\u00e4sslich ist.<\/p>\n<\/div>\n\t\t\t\t\t\t\t\t<div class=\"ld_course_grid_button\">\n\t\t\t\t\t<a\n\t\t\t\t\t\taria-label=\"Enroll Now: NACHHALTIGKEIT 01 &#8211; Nachhaltigkeit verstehen (Level 2)\"\n\t\t\t\t\t\tclass=\"btn btn-primary\"\n\t\t\t\t\t\thref=\"https:\/\/acteco.eu\/de\/courses\/nachhaltigkeit-01-nachhaltigkeit-verstehen-level-2\/\"\n\t\t\t\t\t>\n\t\t\t\t\t\tEnroll Now\t\t\t\t\t<\/a>\n\t\t\t\t<\/div>\n\t\t\t\t\t\t\t<\/div><!-- .entry-header -->\n\t\t\t<\/article><!-- #post-## -->\n<\/div><!-- .ld_course_grid -->\n<!-- LearnDash Course Grid v1 --><div class=\"ld_course_grid col-sm-8 col-md-4 \">\n\t<article id=\"post-72993\" class=\" thumbnail course post-72993 sfwd-courses type-sfwd-courses status-publish has-post-thumbnail hentry category-free-de category-sustainable-building-de category-training-for-change category-sustainable-building ld_course_category-free\">\n\t\t\t\t\t\t\t\t<div class=\"ribbon\">\n\t\t\t\tFREIER KURS\t\t\t<\/div>\n\t\t\t\n\t\t\t\t\t\t<a\n\t\t\t\taria-hidden=\"true\"\n\t\t\t\thref=\"https:\/\/acteco.eu\/de\/courses\/nachhaltigkeit-02-klimawandel-level-2\/\"\n\t\t\t\ttabindex=\"-1\"\n\t\t\t>\n\t\t\t\t<img loading=\"lazy\" decoding=\"async\" width=\"300\" height=\"152\" src=\"https:\/\/acteco.eu\/wp-content\/uploads\/2021\/02\/SUSTAINABILITY-02-DE-1-300x152.jpg\" class=\"attachment-medium size-medium wp-post-image\" alt=\"NACHHALTIGKEIT 02 &#8211; Klimawandel (Level 2)\" srcset=\"https:\/\/acteco.eu\/wp-content\/uploads\/2021\/02\/SUSTAINABILITY-02-DE-1-300x152.jpg 300w, https:\/\/acteco.eu\/wp-content\/uploads\/2021\/02\/SUSTAINABILITY-02-DE-1-1024x519.jpg 1024w, https:\/\/acteco.eu\/wp-content\/uploads\/2021\/02\/SUSTAINABILITY-02-DE-1-768x389.jpg 768w, https:\/\/acteco.eu\/wp-content\/uploads\/2021\/02\/SUSTAINABILITY-02-DE-1-600x304.jpg 600w, https:\/\/acteco.eu\/wp-content\/uploads\/2021\/02\/SUSTAINABILITY-02-DE-1.jpg 1400w\" sizes=\"(max-width: 300px) 100vw, 300px\" \/>\t\t\t<\/a>\n\t\t\t\t\t\n\t\t\t\t\t<div class=\"caption\">\n\t\t\t\t<h3 class=\"entry-title\">NACHHALTIGKEIT 02 &#8211; Klimawandel (Level 2)<\/h3>\n\t\t\t\t\t\t\t\t<div class=\"entry-content\"><p>Die ACTeco-Lektion erkl\u00e4rt den Klimawandel, warum und wie er stattfindet, welche Auswirkungen er hat und zeigt einige Ma\u00dfnahmen auf.<\/p>\n<\/div>\n\t\t\t\t\t\t\t\t<div class=\"ld_course_grid_button\">\n\t\t\t\t\t<a\n\t\t\t\t\t\taria-label=\"Enroll Now: NACHHALTIGKEIT 02 &#8211; Klimawandel (Level 2)\"\n\t\t\t\t\t\tclass=\"btn btn-primary\"\n\t\t\t\t\t\thref=\"https:\/\/acteco.eu\/de\/courses\/nachhaltigkeit-02-klimawandel-level-2\/\"\n\t\t\t\t\t>\n\t\t\t\t\t\tEnroll Now\t\t\t\t\t<\/a>\n\t\t\t\t<\/div>\n\t\t\t\t\t\t\t<\/div><!-- .entry-header -->\n\t\t\t<\/article><!-- #post-## -->\n<\/div><!-- .ld_course_grid -->\n<!-- LearnDash Course Grid v1 --><div class=\"ld_course_grid col-sm-8 col-md-4 \">\n\t<article id=\"post-72955\" class=\" thumbnail course post-72955 sfwd-courses type-sfwd-courses status-publish has-post-thumbnail hentry category-free-de category-sustainable-building-de category-training-for-change category-sustainable-building ld_course_category-free\">\n\t\t\t\t\t\t\t\t<div class=\"ribbon\">\n\t\t\t\tFREIER KURS\t\t\t<\/div>\n\t\t\t\n\t\t\t\t\t\t<a\n\t\t\t\taria-hidden=\"true\"\n\t\t\t\thref=\"https:\/\/acteco.eu\/de\/courses\/nachhaltigkeit-03-energie-level-2\/\"\n\t\t\t\ttabindex=\"-1\"\n\t\t\t>\n\t\t\t\t<img loading=\"lazy\" decoding=\"async\" width=\"300\" height=\"152\" src=\"https:\/\/acteco.eu\/wp-content\/uploads\/2022\/01\/SUSTAINABILITY-03-DE-1-300x152.jpg\" class=\"attachment-medium size-medium wp-post-image\" alt=\"NACHHALTIGKEIT 03 &#8211; Energie (Level 2)\" srcset=\"https:\/\/acteco.eu\/wp-content\/uploads\/2022\/01\/SUSTAINABILITY-03-DE-1-300x152.jpg 300w, https:\/\/acteco.eu\/wp-content\/uploads\/2022\/01\/SUSTAINABILITY-03-DE-1-1024x519.jpg 1024w, https:\/\/acteco.eu\/wp-content\/uploads\/2022\/01\/SUSTAINABILITY-03-DE-1-768x389.jpg 768w, https:\/\/acteco.eu\/wp-content\/uploads\/2022\/01\/SUSTAINABILITY-03-DE-1-600x304.jpg 600w, https:\/\/acteco.eu\/wp-content\/uploads\/2022\/01\/SUSTAINABILITY-03-DE-1.jpg 1400w\" sizes=\"(max-width: 300px) 100vw, 300px\" \/>\t\t\t<\/a>\n\t\t\t\t\t\n\t\t\t\t\t<div class=\"caption\">\n\t\t\t\t<h3 class=\"entry-title\">NACHHALTIGKEIT 03 &#8211; Energie (Level 2)<\/h3>\n\t\t\t\t\t\t\t\t<div class=\"entry-content\"><p>Die ACTeco-Lektion zeigt, wie viel und welche Energie wir verbrauchen, und gibt einen \u00dcberblick \u00fcber erneuerbare und nicht-erneuerbare Energiequellen sowie deren Vor- und Nachteile. <\/p>\n<\/div>\n\t\t\t\t\t\t\t\t<div class=\"ld_course_grid_button\">\n\t\t\t\t\t<a\n\t\t\t\t\t\taria-label=\"Enroll Now: NACHHALTIGKEIT 03 &#8211; Energie (Level 2)\"\n\t\t\t\t\t\tclass=\"btn btn-primary\"\n\t\t\t\t\t\thref=\"https:\/\/acteco.eu\/de\/courses\/nachhaltigkeit-03-energie-level-2\/\"\n\t\t\t\t\t>\n\t\t\t\t\t\tEnroll Now\t\t\t\t\t<\/a>\n\t\t\t\t<\/div>\n\t\t\t\t\t\t\t<\/div><!-- .entry-header -->\n\t\t\t<\/article><!-- #post-## -->\n<\/div><!-- .ld_course_grid -->\n<!-- LearnDash Course Grid v1 --><div class=\"ld_course_grid col-sm-8 col-md-4 \">\n\t<article id=\"post-72953\" class=\" thumbnail course post-72953 sfwd-courses type-sfwd-courses status-publish has-post-thumbnail hentry category-free-de category-sustainable-building-de category-training-for-change category-sustainable-building ld_course_category-free\">\n\t\t\t\t\t\t\t\t<div class=\"ribbon\">\n\t\t\t\tFREIER KURS\t\t\t<\/div>\n\t\t\t\n\t\t\t\t\t\t<a\n\t\t\t\taria-hidden=\"true\"\n\t\t\t\thref=\"https:\/\/acteco.eu\/de\/courses\/nachhaltigkeit-04-nachhaltig-leben-aber-wie-level-2\/\"\n\t\t\t\ttabindex=\"-1\"\n\t\t\t>\n\t\t\t\t<img loading=\"lazy\" decoding=\"async\" width=\"300\" height=\"152\" src=\"https:\/\/acteco.eu\/wp-content\/uploads\/2022\/01\/Nachhaltigkeit-04-1-300x152.jpg\" class=\"attachment-medium size-medium wp-post-image\" alt=\"NACHHALTIGKEIT 04 &#8211; Nachhaltig Leben &#8211; aber wie? (Level 2)\" srcset=\"https:\/\/acteco.eu\/wp-content\/uploads\/2022\/01\/Nachhaltigkeit-04-1-300x152.jpg 300w, https:\/\/acteco.eu\/wp-content\/uploads\/2022\/01\/Nachhaltigkeit-04-1-1024x519.jpg 1024w, https:\/\/acteco.eu\/wp-content\/uploads\/2022\/01\/Nachhaltigkeit-04-1-768x389.jpg 768w, https:\/\/acteco.eu\/wp-content\/uploads\/2022\/01\/Nachhaltigkeit-04-1-600x304.jpg 600w, https:\/\/acteco.eu\/wp-content\/uploads\/2022\/01\/Nachhaltigkeit-04-1.jpg 1400w\" sizes=\"(max-width: 300px) 100vw, 300px\" \/>\t\t\t<\/a>\n\t\t\t\t\t\n\t\t\t\t\t<div class=\"caption\">\n\t\t\t\t<h3 class=\"entry-title\">NACHHALTIGKEIT 04 &#8211; Nachhaltig Leben &#8211; aber wie? (Level 2)<\/h3>\n\t\t\t\t\t\t\t\t<div class=\"entry-content\"><p>Die 45-min\u00fctige Lektion von ACTeco zeigt, wie sich unser t\u00e4gliches Leben auf unseren Fu\u00dfabdruck auswirkt und dass wir die Wahl haben. <\/p>\n<\/div>\n\t\t\t\t\t\t\t\t<div class=\"ld_course_grid_button\">\n\t\t\t\t\t<a\n\t\t\t\t\t\taria-label=\"Enroll Now: NACHHALTIGKEIT 04 &#8211; Nachhaltig Leben &#8211; aber wie? (Level 2)\"\n\t\t\t\t\t\tclass=\"btn btn-primary\"\n\t\t\t\t\t\thref=\"https:\/\/acteco.eu\/de\/courses\/nachhaltigkeit-04-nachhaltig-leben-aber-wie-level-2\/\"\n\t\t\t\t\t>\n\t\t\t\t\t\tEnroll Now\t\t\t\t\t<\/a>\n\t\t\t\t<\/div>\n\t\t\t\t\t\t\t<\/div><!-- .entry-header -->\n\t\t\t<\/article><!-- #post-## -->\n<\/div><!-- .ld_course_grid -->\n<!-- LearnDash Course Grid v1 --><div class=\"ld_course_grid col-sm-8 col-md-4 \">\n\t<article id=\"post-72995\" class=\" thumbnail course post-72995 sfwd-courses type-sfwd-courses status-publish has-post-thumbnail hentry category-free-de category-sustainable-building-de category-open-course category-training-for-change category-sustainable-building ld_course_category-free\">\n\t\t\t\t\t\t\t\t<div class=\"ribbon\">\n\t\t\t\tFREIER KURS\t\t\t<\/div>\n\t\t\t\n\t\t\t\t\t\t<a\n\t\t\t\taria-hidden=\"true\"\n\t\t\t\thref=\"https:\/\/acteco.eu\/de\/courses\/nachhaltigkeit-05-nachhaltig-bauen-level-2\/\"\n\t\t\t\ttabindex=\"-1\"\n\t\t\t>\n\t\t\t\t<img loading=\"lazy\" decoding=\"async\" width=\"300\" height=\"152\" src=\"https:\/\/acteco.eu\/wp-content\/uploads\/2020\/04\/SUSTAINABILITY-05-Sustainable-building-EN-300x152.jpg\" class=\"attachment-medium size-medium wp-post-image\" alt=\"NACHHALTIGKEIT 05 &#8211; Nachhaltig Bauen (Level 2)\" srcset=\"https:\/\/acteco.eu\/wp-content\/uploads\/2020\/04\/SUSTAINABILITY-05-Sustainable-building-EN-300x152.jpg 300w, https:\/\/acteco.eu\/wp-content\/uploads\/2020\/04\/SUSTAINABILITY-05-Sustainable-building-EN-1024x518.jpg 1024w, https:\/\/acteco.eu\/wp-content\/uploads\/2020\/04\/SUSTAINABILITY-05-Sustainable-building-EN-768x389.jpg 768w, https:\/\/acteco.eu\/wp-content\/uploads\/2020\/04\/SUSTAINABILITY-05-Sustainable-building-EN-1536x778.jpg 1536w, https:\/\/acteco.eu\/wp-content\/uploads\/2020\/04\/SUSTAINABILITY-05-Sustainable-building-EN-600x304.jpg 600w, https:\/\/acteco.eu\/wp-content\/uploads\/2020\/04\/SUSTAINABILITY-05-Sustainable-building-EN.jpg 1920w\" sizes=\"(max-width: 300px) 100vw, 300px\" \/>\t\t\t<\/a>\n\t\t\t\t\t\n\t\t\t\t\t<div class=\"caption\">\n\t\t\t\t<h3 class=\"entry-title\">NACHHALTIGKEIT 05 &#8211; Nachhaltig Bauen (Level 2)<\/h3>\n\t\t\t\t\t\t\t\t<div class=\"entry-content\"><p>Diese ACTeco-Lektion zeigt kurz viele Aspekte des nachhaltigen Bauens im Zusammenhang mit dem Klimawandel. <\/p>\n<\/div>\n\t\t\t\t\t\t\t\t<div class=\"ld_course_grid_button\">\n\t\t\t\t\t<a\n\t\t\t\t\t\taria-label=\"Enroll Now: NACHHALTIGKEIT 05 &#8211; Nachhaltig Bauen (Level 2)\"\n\t\t\t\t\t\tclass=\"btn btn-primary\"\n\t\t\t\t\t\thref=\"https:\/\/acteco.eu\/de\/courses\/nachhaltigkeit-05-nachhaltig-bauen-level-2\/\"\n\t\t\t\t\t>\n\t\t\t\t\t\tEnroll Now\t\t\t\t\t<\/a>\n\t\t\t\t<\/div>\n\t\t\t\t\t\t\t<\/div><!-- .entry-header -->\n\t\t\t<\/article><!-- #post-## -->\n<\/div><!-- .ld_course_grid -->\n<!-- LearnDash Course Grid v1 --><div class=\"ld_course_grid col-sm-8 col-md-4 \">\n\t<article id=\"post-72963\" class=\" thumbnail course post-72963 sfwd-courses type-sfwd-courses status-publish has-post-thumbnail hentry category-free-de category-sustainable-building-de category-sustainable-building ld_course_category-free\">\n\t\t\t\t\t\t\t\t<div class=\"ribbon\">\n\t\t\t\tFREIER KURS\t\t\t<\/div>\n\t\t\t\n\t\t\t\t\t\t<a\n\t\t\t\taria-hidden=\"true\"\n\t\t\t\thref=\"https:\/\/acteco.eu\/de\/courses\/nachhaltigkeit-06-nachhaltig-renovieren-level-2\/\"\n\t\t\t\ttabindex=\"-1\"\n\t\t\t>\n\t\t\t\t<img loading=\"lazy\" decoding=\"async\" width=\"300\" height=\"152\" src=\"https:\/\/acteco.eu\/wp-content\/uploads\/2021\/11\/SUSTAINABILITY-06-Sustainable-renovation-DE-300x152.jpg\" class=\"attachment-medium size-medium wp-post-image\" alt=\"NACHHALTIGKEIT 06 &#8211; Nachhaltige l\u00e4ndliche Renovierung (Level 2)\" srcset=\"https:\/\/acteco.eu\/wp-content\/uploads\/2021\/11\/SUSTAINABILITY-06-Sustainable-renovation-DE-300x152.jpg 300w, https:\/\/acteco.eu\/wp-content\/uploads\/2021\/11\/SUSTAINABILITY-06-Sustainable-renovation-DE-1024x518.jpg 1024w, https:\/\/acteco.eu\/wp-content\/uploads\/2021\/11\/SUSTAINABILITY-06-Sustainable-renovation-DE-768x389.jpg 768w, https:\/\/acteco.eu\/wp-content\/uploads\/2021\/11\/SUSTAINABILITY-06-Sustainable-renovation-DE-1536x778.jpg 1536w, https:\/\/acteco.eu\/wp-content\/uploads\/2021\/11\/SUSTAINABILITY-06-Sustainable-renovation-DE-600x304.jpg 600w, https:\/\/acteco.eu\/wp-content\/uploads\/2021\/11\/SUSTAINABILITY-06-Sustainable-renovation-DE.jpg 1920w\" sizes=\"(max-width: 300px) 100vw, 300px\" \/>\t\t\t<\/a>\n\t\t\t\t\t\n\t\t\t\t\t<div class=\"caption\">\n\t\t\t\t<h3 class=\"entry-title\">NACHHALTIGKEIT 06 &#8211; Nachhaltige l\u00e4ndliche Renovierung (Level 2)<\/h3>\n\t\t\t\t\t\t\t\t<div class=\"entry-content\"><p>Die ACTeco-Lektion zeigt die Grundlagen der nachhaltigen Renovierung von traditionellen H\u00e4usern, warum sie wichtig ist und wie sie durchgef\u00fchrt werden kann.<\/p>\n<\/div>\n\t\t\t\t\t\t\t\t<div class=\"ld_course_grid_button\">\n\t\t\t\t\t<a\n\t\t\t\t\t\taria-label=\"Enroll Now: NACHHALTIGKEIT 06 &#8211; Nachhaltige l\u00e4ndliche Renovierung (Level 2)\"\n\t\t\t\t\t\tclass=\"btn btn-primary\"\n\t\t\t\t\t\thref=\"https:\/\/acteco.eu\/de\/courses\/nachhaltigkeit-06-nachhaltig-renovieren-level-2\/\"\n\t\t\t\t\t>\n\t\t\t\t\t\tEnroll Now\t\t\t\t\t<\/a>\n\t\t\t\t<\/div>\n\t\t\t\t\t\t\t<\/div><!-- .entry-header -->\n\t\t\t<\/article><!-- #post-## -->\n<\/div><!-- .ld_course_grid -->\n\t<\/div>\n\t\t\t<\/div>\n\t\t<\/div>","protected":false},"excerpt":{"rendered":"","protected":false},"author":1,"featured_media":73772,"parent":0,"menu_order":0,"comment_status":"closed","ping_status":"closed","template":"","meta":{"site-sidebar-layout":"default","site-content-layout":"default","ast-site-content-layout":"default","site-content-style":"default","site-sidebar-style":"default","ast-global-header-display":"","ast-banner-title-visibility":"","ast-main-header-display":"","ast-hfb-above-header-display":"","ast-hfb-below-header-display":"","ast-hfb-mobile-header-display":"","site-post-title":"","ast-breadcrumbs-content":"","ast-featured-img":"","footer-sml-layout":"","ast-disable-related-posts":"","theme-transparent-header-meta":"default","adv-header-id-meta":"","stick-header-meta":"","header-above-stick-meta":"","header-main-stick-meta":"","header-below-stick-meta":"","astra-migrate-meta-layouts":"default","ast-page-background-enabled":"default","ast-page-background-meta":{"desktop":{"background-color":"","background-image":"","background-repeat":"repeat","background-position":"center center","background-size":"auto","background-attachment":"scroll","background-type":"","background-media":"","overlay-type":"","overlay-color":"","overlay-opacity":"","overlay-gradient":""},"tablet":{"background-color":"","background-image":"","background-repeat":"repeat","background-position":"center center","background-size":"auto","background-attachment":"scroll","background-type":"","background-media":"","overlay-type":"","overlay-color":"","overlay-opacity":"","overlay-gradient":""},"mobile":{"background-color":"","background-image":"","background-repeat":"repeat","background-position":"center center","background-size":"auto","background-attachment":"scroll","background-type":"","background-media":"","overlay-type":"","overlay-color":"","overlay-opacity":"","overlay-gradient":""}},"ast-content-background-meta":{"desktop":{"background-color":"var(--ast-global-color-5)","background-image":"","background-repeat":"repeat","background-position":"center center","background-size":"auto","background-attachment":"scroll","background-type":"","background-media":"","overlay-type":"","overlay-color":"","overlay-opacity":"","overlay-gradient":""},"tablet":{"background-color":"var(--ast-global-color-5)","background-image":"","background-repeat":"repeat","background-position":"center center","background-size":"auto","background-attachment":"scroll","background-type":"","background-media":"","overlay-type":"","overlay-color":"","overlay-opacity":"","overlay-gradient":""},"mobile":{"background-color":"var(--ast-global-color-5)","background-image":"","background-repeat":"repeat","background-position":"center center","background-size":"auto","background-attachment":"scroll","background-type":"","background-media":"","overlay-type":"","overlay-color":"","overlay-opacity":"","overlay-gradient":""}},"footnotes":""},"class_list":["post-65144","page","type-page","status-publish","has-post-thumbnail","hentry"],"_links":{"self":[{"href":"https:\/\/acteco.eu\/de\/wp-json\/wp\/v2\/pages\/65144","targetHints":{"allow":["GET"]}}],"collection":[{"href":"https:\/\/acteco.eu\/de\/wp-json\/wp\/v2\/pages"}],"about":[{"href":"https:\/\/acteco.eu\/de\/wp-json\/wp\/v2\/types\/page"}],"author":[{"embeddable":true,"href":"https:\/\/acteco.eu\/de\/wp-json\/wp\/v2\/users\/1"}],"replies":[{"embeddable":true,"href":"https:\/\/acteco.eu\/de\/wp-json\/wp\/v2\/comments?post=65144"}],"version-history":[{"count":3,"href":"https:\/\/acteco.eu\/de\/wp-json\/wp\/v2\/pages\/65144\/revisions"}],"predecessor-version":[{"id":73729,"href":"https:\/\/acteco.eu\/de\/wp-json\/wp\/v2\/pages\/65144\/revisions\/73729"}],"wp:featuredmedia":[{"embeddable":true,"href":"https:\/\/acteco.eu\/de\/wp-json\/wp\/v2\/media\/73772"}],"wp:attachment":[{"href":"https:\/\/acteco.eu\/de\/wp-json\/wp\/v2\/media?parent=65144"}],"curies":[{"name":"wp","href":"https:\/\/api.w.org\/{rel}","templated":true}]}}