{"id":68505,"date":"2020-11-17T09:32:49","date_gmt":"2020-11-17T08:32:49","guid":{"rendered":"https:\/\/acteco.eu\/ressources\/"},"modified":"2022-06-02T10:55:30","modified_gmt":"2022-06-02T08:55:30","slug":"ressources","status":"publish","type":"page","link":"https:\/\/acteco.eu\/fr\/ressources\/","title":{"rendered":"Ressources"},"content":{"rendered":"\n<p>Les collections de ressources pour la paille, la terre, la construction durable font partie des r\u00e9sultats intellectuels du projet ACTeco. Cependant, cette collection, est une s\u00e9lection, choisie par les partenaires d&#8217;ACTeco, des contenus les plus pertinents, qui aideront les formateurs \u00e0 \u00e9largir leurs connaissances, \u00e0 soutenir et \u00e0 appuyer leur formation. Cette collection comprend des photos, des vid\u00e9os, de la litt\u00e9rature, des bonnes pratiques, des recherches, des mod\u00e8les (pour les pr\u00e9sentations), des quiz Kahoot, des formulaires de feedback, des sites web (liens) et des bases de donn\u00e9es.<\/p>\n\n<p>Vous pouvez trouver d&#8217;autres parties de ces collections directement dans les cours en ligne d&#8217;ACTeco, et jointes dans une section documents.  <\/p>\n\n<p>La collection &#8220;Jump ! training for change&#8221; est une collection li\u00e9e \u00e0 d&#8217;autres projets, que nous essayons d&#8217;interconnecter afin de cr\u00e9er un effet de synergie, car le projet est destin\u00e9 aux formateurs et au changement de pens\u00e9e et mode de formation pour tendre vers une culture plus durable et r\u00e9g\u00e9n\u00e9ratrice.<\/p>\n\n<p>Ces ressources sont destin\u00e9es aux formateurs et aux centres de formation, aux enseignants et aux \u00e9coles. Cette section est donc prot\u00e9g\u00e9e par un mot de passe. Si vous souhaitez acc\u00e9der \u00e0 nos ressources, veuillez \u00e9crire un mail \u00e0 info@acteco.eu.<\/p>\n","protected":false},"excerpt":{"rendered":"<p>Les collections de ressources pour la paille, la terre, la construction durable font partie des r\u00e9sultats intellectuels du projet ACTeco. Cependant, cette collection, est une s\u00e9lection, choisie par les partenaires d&#8217;ACTeco, des contenus les plus pertinents, qui aideront les formateurs \u00e0 \u00e9largir leurs connaissances, \u00e0 soutenir et \u00e0 appuyer leur formation. Cette collection comprend des [&hellip;]<\/p>\n","protected":false},"author":1,"featured_media":32273,"parent":0,"menu_order":0,"comment_status":"closed","ping_status":"closed","template":"","meta":{"site-sidebar-layout":"right-sidebar","site-content-layout":"default","ast-site-content-layout":"default","site-content-style":"default","site-sidebar-style":"default","ast-global-header-display":"","ast-banner-title-visibility":"","ast-main-header-display":"","ast-hfb-above-header-display":"","ast-hfb-below-header-display":"","ast-hfb-mobile-header-display":"","site-post-title":"","ast-breadcrumbs-content":"","ast-featured-img":"","footer-sml-layout":"","ast-disable-related-posts":"","theme-transparent-header-meta":"default","adv-header-id-meta":"","stick-header-meta":"","header-above-stick-meta":"","header-main-stick-meta":"","header-below-stick-meta":"","astra-migrate-meta-layouts":"default","ast-page-background-enabled":"default","ast-page-background-meta":{"desktop":{"background-color":"","background-image":"","background-repeat":"repeat","background-position":"center center","background-size":"auto","background-attachment":"scroll","background-type":"","background-media":"","overlay-type":"","overlay-color":"","overlay-opacity":"","overlay-gradient":""},"tablet":{"background-color":"","background-image":"","background-repeat":"repeat","background-position":"center center","background-size":"auto","background-attachment":"scroll","background-type":"","background-media":"","overlay-type":"","overlay-color":"","overlay-opacity":"","overlay-gradient":""},"mobile":{"background-color":"","background-image":"","background-repeat":"repeat","background-position":"center center","background-size":"auto","background-attachment":"scroll","background-type":"","background-media":"","overlay-type":"","overlay-color":"","overlay-opacity":"","overlay-gradient":""}},"ast-content-background-meta":{"desktop":{"background-color":"var(--ast-global-color-5)","background-image":"","background-repeat":"repeat","background-position":"center center","background-size":"auto","background-attachment":"scroll","background-type":"","background-media":"","overlay-type":"","overlay-color":"","overlay-opacity":"","overlay-gradient":""},"tablet":{"background-color":"var(--ast-global-color-5)","background-image":"","background-repeat":"repeat","background-position":"center center","background-size":"auto","background-attachment":"scroll","background-type":"","background-media":"","overlay-type":"","overlay-color":"","overlay-opacity":"","overlay-gradient":""},"mobile":{"background-color":"var(--ast-global-color-5)","background-image":"","background-repeat":"repeat","background-position":"center center","background-size":"auto","background-attachment":"scroll","background-type":"","background-media":"","overlay-type":"","overlay-color":"","overlay-opacity":"","overlay-gradient":""}},"footnotes":""},"class_list":["post-68505","page","type-page","status-publish","has-post-thumbnail","hentry"],"_links":{"self":[{"href":"https:\/\/acteco.eu\/fr\/wp-json\/wp\/v2\/pages\/68505","targetHints":{"allow":["GET"]}}],"collection":[{"href":"https:\/\/acteco.eu\/fr\/wp-json\/wp\/v2\/pages"}],"about":[{"href":"https:\/\/acteco.eu\/fr\/wp-json\/wp\/v2\/types\/page"}],"author":[{"embeddable":true,"href":"https:\/\/acteco.eu\/fr\/wp-json\/wp\/v2\/users\/1"}],"replies":[{"embeddable":true,"href":"https:\/\/acteco.eu\/fr\/wp-json\/wp\/v2\/comments?post=68505"}],"version-history":[{"count":1,"href":"https:\/\/acteco.eu\/fr\/wp-json\/wp\/v2\/pages\/68505\/revisions"}],"predecessor-version":[{"id":68506,"href":"https:\/\/acteco.eu\/fr\/wp-json\/wp\/v2\/pages\/68505\/revisions\/68506"}],"wp:featuredmedia":[{"embeddable":true,"href":"https:\/\/acteco.eu\/fr\/wp-json\/wp\/v2\/media\/32273"}],"wp:attachment":[{"href":"https:\/\/acteco.eu\/fr\/wp-json\/wp\/v2\/media?parent=68505"}],"curies":[{"name":"wp","href":"https:\/\/api.w.org\/{rel}","templated":true}]}}