{"id":68515,"date":"2021-06-06T21:39:59","date_gmt":"2021-06-06T19:39:59","guid":{"rendered":"https:\/\/acteco.eu\/cours-soutenabilite-et-formation\/"},"modified":"2022-06-01T15:46:10","modified_gmt":"2022-06-01T13:46:10","slug":"cours-soutenabilite-et-formation","status":"publish","type":"page","link":"https:\/\/acteco.eu\/fr\/cours-soutenabilite-et-formation\/","title":{"rendered":"D\u00c9VELOPPEMENT DURABLE"},"content":{"rendered":"<div class=\"learndash-wrap\"><div id=\"ld-course-list-content-59ebb2cd02d8b7e2dab32dadd4b53d6f\" class=\"ld-course-list-content\" data-shortcode-atts=\"{&quot;orderby&quot;:&quot;title&quot;,&quot;order&quot;:&quot;ASC&quot;,&quot;category_name&quot;:&quot;Sustainable Building&quot;,&quot;course_grid&quot;:&quot;true&quot;}\">\n\t\t\t<div class=\"ld-course-list-items row\">\n\t<!-- LearnDash Course Grid v1 --><div class=\"ld_course_grid col-sm-8 col-md-4 \">\n\t<article id=\"post-72439\" class=\" thumbnail course post-72439 sfwd-courses type-sfwd-courses status-publish has-post-thumbnail hentry category-batiments-durables category-cours-gratuits\">\n\t\t\t\t\t\t\t\t<div class=\"ribbon\">\n\t\t\t\tGratuit\t\t\t<\/div>\n\t\t\t\n\t\t\t\t\t\t<a\n\t\t\t\taria-hidden=\"true\"\n\t\t\t\thref=\"https:\/\/acteco.eu\/fr\/courses\/developpement-durable-6-cours-niveau-2\/\"\n\t\t\t\ttabindex=\"-1\"\n\t\t\t>\n\t\t\t\t<img decoding=\"async\" width=\"300\" height=\"152\" src=\"https:\/\/acteco.eu\/wp-content\/uploads\/2022\/01\/Diapositive5-300x152.jpeg\" class=\"attachment-medium size-medium wp-post-image\" alt=\"D\u00c9VELOPPEMENT DURABLE &#8211; 6 Cours (Niveau 2)\" srcset=\"https:\/\/acteco.eu\/wp-content\/uploads\/2022\/01\/Diapositive5-300x152.jpeg 300w, https:\/\/acteco.eu\/wp-content\/uploads\/2022\/01\/Diapositive5-1024x519.jpeg 1024w, https:\/\/acteco.eu\/wp-content\/uploads\/2022\/01\/Diapositive5-768x389.jpeg 768w, https:\/\/acteco.eu\/wp-content\/uploads\/2022\/01\/Diapositive5-1536x778.jpeg 1536w, https:\/\/acteco.eu\/wp-content\/uploads\/2022\/01\/Diapositive5-600x304.jpeg 600w, https:\/\/acteco.eu\/wp-content\/uploads\/2022\/01\/Diapositive5.jpeg 2000w\" sizes=\"(max-width: 300px) 100vw, 300px\" \/>\t\t\t<\/a>\n\t\t\t\t\t\n\t\t\t\t\t<div class=\"caption\">\n\t\t\t\t<h3 class=\"entry-title\">D\u00c9VELOPPEMENT DURABLE &#8211; 6 Cours (Niveau 2)<\/h3>\n\t\t\t\t\t\t\t\t<div class=\"entry-content\"><p>Ce cours ACTeco comporte 6 le\u00e7ons, avec des informations de base sur la durabilit\u00e9, le changement climatique, l&#8217;\u00e9nergie, comment vivre de mani\u00e8re durable, la construction et la r\u00e9novation durables.<\/p>\n<\/div>\n\t\t\t\t\t\t\t\t<div class=\"ld_course_grid_button\">\n\t\t\t\t\t<a\n\t\t\t\t\t\taria-label=\"s&#039;inscrire: D\u00c9VELOPPEMENT DURABLE &#8211; 6 Cours (Niveau 2)\"\n\t\t\t\t\t\tclass=\"btn btn-primary\"\n\t\t\t\t\t\thref=\"https:\/\/acteco.eu\/fr\/courses\/developpement-durable-6-cours-niveau-2\/\"\n\t\t\t\t\t>\n\t\t\t\t\t\ts&#039;inscrire\t\t\t\t\t<\/a>\n\t\t\t\t<\/div>\n\t\t\t\t\t\t\t<\/div><!-- .entry-header -->\n\t\t\t<\/article><!-- #post-## -->\n<\/div><!-- .ld_course_grid -->\n<!-- LearnDash Course Grid v1 --><div class=\"ld_course_grid col-sm-8 col-md-4 \">\n\t<article id=\"post-72432\" class=\" thumbnail course post-72432 sfwd-courses type-sfwd-courses status-publish has-post-thumbnail hentry category-batiments-durables category-cours-ouvert category-developpement-durable-et-formation ld_course_category-ouvert\">\n\t\t\t\t\t\t\t\t<div class=\"ribbon\">\n\t\t\t\tOuvert\t\t\t<\/div>\n\t\t\t\n\t\t\t\t\t\t<a\n\t\t\t\taria-hidden=\"true\"\n\t\t\t\thref=\"https:\/\/acteco.eu\/fr\/courses\/developpement-durable-construire-durable-introduction\/\"\n\t\t\t\ttabindex=\"-1\"\n\t\t\t>\n\t\t\t\t<img decoding=\"async\" width=\"300\" height=\"152\" src=\"https:\/\/acteco.eu\/wp-content\/uploads\/2022\/04\/SUSTAINABILITY-Sustainable-Building-Introduction-FR-300x152.jpg\" class=\"attachment-medium size-medium wp-post-image\" alt=\"D\u00c9VELOPPEMENT DURABLE &#8211; Construire durable (Introduction)\" srcset=\"https:\/\/acteco.eu\/wp-content\/uploads\/2022\/04\/SUSTAINABILITY-Sustainable-Building-Introduction-FR-300x152.jpg 300w, https:\/\/acteco.eu\/wp-content\/uploads\/2022\/04\/SUSTAINABILITY-Sustainable-Building-Introduction-FR-1024x519.jpg 1024w, https:\/\/acteco.eu\/wp-content\/uploads\/2022\/04\/SUSTAINABILITY-Sustainable-Building-Introduction-FR-768x389.jpg 768w, https:\/\/acteco.eu\/wp-content\/uploads\/2022\/04\/SUSTAINABILITY-Sustainable-Building-Introduction-FR-1536x778.jpg 1536w, https:\/\/acteco.eu\/wp-content\/uploads\/2022\/04\/SUSTAINABILITY-Sustainable-Building-Introduction-FR-600x304.jpg 600w, https:\/\/acteco.eu\/wp-content\/uploads\/2022\/04\/SUSTAINABILITY-Sustainable-Building-Introduction-FR.jpg 2000w\" sizes=\"(max-width: 300px) 100vw, 300px\" \/>\t\t\t<\/a>\n\t\t\t\t\t\n\t\t\t\t\t<div class=\"caption\">\n\t\t\t\t<h3 class=\"entry-title\">D\u00c9VELOPPEMENT DURABLE &#8211; Construire durable (Introduction)<\/h3>\n\t\t\t\t\t\t\t\t<div class=\"entry-content\"><p>Cours ACTeco de 25 minutes pr\u00e9sentant une br\u00e8ve introduction aux objectifs de durabilit\u00e9 et au b\u00e2timent durable, et mettant l&#8217;accent sur l&#8217;\u00e9coconstruction.<\/p>\n<\/div>\n\t\t\t\t\t\t\t\t<div class=\"ld_course_grid_button\">\n\t\t\t\t\t<a\n\t\t\t\t\t\taria-label=\"Voir le cours: D\u00c9VELOPPEMENT DURABLE &#8211; Construire durable (Introduction)\"\n\t\t\t\t\t\tclass=\"btn btn-primary\"\n\t\t\t\t\t\thref=\"https:\/\/acteco.eu\/fr\/courses\/developpement-durable-construire-durable-introduction\/\"\n\t\t\t\t\t>\n\t\t\t\t\t\tVoir le cours\t\t\t\t\t<\/a>\n\t\t\t\t<\/div>\n\t\t\t\t\t\t\t<\/div><!-- .entry-header -->\n\t\t\t<\/article><!-- #post-## -->\n<\/div><!-- .ld_course_grid -->\n<!-- LearnDash Course Grid v1 --><div class=\"ld_course_grid col-sm-8 col-md-4 \">\n\t<article id=\"post-71731\" class=\" thumbnail course post-71731 sfwd-courses type-sfwd-courses status-publish has-post-thumbnail hentry category-batiments-durables category-cours-gratuits category-developpement-durable-et-formation ld_course_category-free\">\n\t\t\t\t\t\t\t\t<div class=\"ribbon\">\n\t\t\t\tGratuit\t\t\t<\/div>\n\t\t\t\n\t\t\t\t\t\t<a\n\t\t\t\taria-hidden=\"true\"\n\t\t\t\thref=\"https:\/\/acteco.eu\/fr\/courses\/developpement-durable-01-sens-du-developpement-durable-niveau-2\/\"\n\t\t\t\ttabindex=\"-1\"\n\t\t\t>\n\t\t\t\t<img decoding=\"async\" width=\"300\" height=\"152\" src=\"https:\/\/acteco.eu\/wp-content\/uploads\/2021\/09\/Diapositive1-300x152.jpeg\" class=\"attachment-medium size-medium wp-post-image\" alt=\"D\u00c9VELOPPEMENT DURABLE 01 &#8211; &#8220;Sens&#8221; du d\u00e9veloppement durable (Niveau 2)\" srcset=\"https:\/\/acteco.eu\/wp-content\/uploads\/2021\/09\/Diapositive1-300x152.jpeg 300w, https:\/\/acteco.eu\/wp-content\/uploads\/2021\/09\/Diapositive1-1024x519.jpeg 1024w, https:\/\/acteco.eu\/wp-content\/uploads\/2021\/09\/Diapositive1-768x389.jpeg 768w, https:\/\/acteco.eu\/wp-content\/uploads\/2021\/09\/Diapositive1-1536x778.jpeg 1536w, https:\/\/acteco.eu\/wp-content\/uploads\/2021\/09\/Diapositive1-600x304.jpeg 600w, https:\/\/acteco.eu\/wp-content\/uploads\/2021\/09\/Diapositive1.jpeg 2000w\" sizes=\"(max-width: 300px) 100vw, 300px\" \/>\t\t\t<\/a>\n\t\t\t\t\t\n\t\t\t\t\t<div class=\"caption\">\n\t\t\t\t<h3 class=\"entry-title\">D\u00c9VELOPPEMENT DURABLE 01 &#8211; &#8220;Sens&#8221; du d\u00e9veloppement durable (Niveau 2)<\/h3>\n\t\t\t\t\t\t\t\t<div class=\"entry-content\"><p>Ce cours ACTeco de 45 min explique le terme de d\u00e9veloppement durable et cette notion est n\u00e9cessaire pour la vie humaine sur Terre. Il d\u00e9taille l&#8217;empreinte \u00e9cologique et liste les objectifs de d\u00e9veloppement durable.<\/p>\n<\/div>\n\t\t\t\t\t\t\t\t<div class=\"ld_course_grid_button\">\n\t\t\t\t\t<a\n\t\t\t\t\t\taria-label=\"s&#039;inscrire: D\u00c9VELOPPEMENT DURABLE 01 &#8211; &#8220;Sens&#8221; du d\u00e9veloppement durable (Niveau 2)\"\n\t\t\t\t\t\tclass=\"btn btn-primary\"\n\t\t\t\t\t\thref=\"https:\/\/acteco.eu\/fr\/courses\/developpement-durable-01-sens-du-developpement-durable-niveau-2\/\"\n\t\t\t\t\t>\n\t\t\t\t\t\ts&#039;inscrire\t\t\t\t\t<\/a>\n\t\t\t\t<\/div>\n\t\t\t\t\t\t\t<\/div><!-- .entry-header -->\n\t\t\t<\/article><!-- #post-## -->\n<\/div><!-- .ld_course_grid -->\n<!-- LearnDash Course Grid v1 --><div class=\"ld_course_grid col-sm-8 col-md-4 \">\n\t<article id=\"post-71658\" class=\" thumbnail course post-71658 sfwd-courses type-sfwd-courses status-publish has-post-thumbnail hentry category-batiments-durables category-cours-gratuits category-developpement-durable-et-formation ld_course_category-free\">\n\t\t\t\t\t\t\t\t<div class=\"ribbon\">\n\t\t\t\tGratuit\t\t\t<\/div>\n\t\t\t\n\t\t\t\t\t\t<a\n\t\t\t\taria-hidden=\"true\"\n\t\t\t\thref=\"https:\/\/acteco.eu\/fr\/courses\/developpement-durable-02-changement-climatique-niveau-2\/\"\n\t\t\t\ttabindex=\"-1\"\n\t\t\t>\n\t\t\t\t<img loading=\"lazy\" decoding=\"async\" width=\"300\" height=\"152\" src=\"https:\/\/acteco.eu\/wp-content\/uploads\/2021\/02\/Diapositive1-2-300x152.jpeg\" class=\"attachment-medium size-medium wp-post-image\" alt=\"D\u00c9VELOPPEMENT DURABLE 02 &#8211; Changement climatique (niveau 2)\" srcset=\"https:\/\/acteco.eu\/wp-content\/uploads\/2021\/02\/Diapositive1-2-300x152.jpeg 300w, https:\/\/acteco.eu\/wp-content\/uploads\/2021\/02\/Diapositive1-2-1024x519.jpeg 1024w, https:\/\/acteco.eu\/wp-content\/uploads\/2021\/02\/Diapositive1-2-768x389.jpeg 768w, https:\/\/acteco.eu\/wp-content\/uploads\/2021\/02\/Diapositive1-2-1536x778.jpeg 1536w, https:\/\/acteco.eu\/wp-content\/uploads\/2021\/02\/Diapositive1-2-600x304.jpeg 600w, https:\/\/acteco.eu\/wp-content\/uploads\/2021\/02\/Diapositive1-2.jpeg 2000w\" sizes=\"(max-width: 300px) 100vw, 300px\" \/>\t\t\t<\/a>\n\t\t\t\t\t\n\t\t\t\t\t<div class=\"caption\">\n\t\t\t\t<h3 class=\"entry-title\">D\u00c9VELOPPEMENT DURABLE 02 &#8211; Changement climatique (niveau 2)<\/h3>\n\t\t\t\t\t\t\t\t<div class=\"entry-content\"><p>Ce cours ACTeco de 45 minutes explique bri\u00e8vement comment et pourquoi le climat change, quels en sont les effets et sugg\u00e8re quelques actions d&#8217;adaptation.<\/p>\n<\/div>\n\t\t\t\t\t\t\t\t<div class=\"ld_course_grid_button\">\n\t\t\t\t\t<a\n\t\t\t\t\t\taria-label=\"s&#039;inscrire: D\u00c9VELOPPEMENT DURABLE 02 &#8211; Changement climatique (niveau 2)\"\n\t\t\t\t\t\tclass=\"btn btn-primary\"\n\t\t\t\t\t\thref=\"https:\/\/acteco.eu\/fr\/courses\/developpement-durable-02-changement-climatique-niveau-2\/\"\n\t\t\t\t\t>\n\t\t\t\t\t\ts&#039;inscrire\t\t\t\t\t<\/a>\n\t\t\t\t<\/div>\n\t\t\t\t\t\t\t<\/div><!-- .entry-header -->\n\t\t\t<\/article><!-- #post-## -->\n<\/div><!-- .ld_course_grid -->\n<!-- LearnDash Course Grid v1 --><div class=\"ld_course_grid col-sm-8 col-md-4 \">\n\t<article id=\"post-71953\" class=\" thumbnail course post-71953 sfwd-courses type-sfwd-courses status-publish has-post-thumbnail hentry category-batiments-durables category-cours-gratuits category-developpement-durable-et-formation ld_course_category-free\">\n\t\t\t\t\t\t\t\t<div class=\"ribbon\">\n\t\t\t\tGratuit\t\t\t<\/div>\n\t\t\t\n\t\t\t\t\t\t<a\n\t\t\t\taria-hidden=\"true\"\n\t\t\t\thref=\"https:\/\/acteco.eu\/fr\/courses\/developpement-durable-03-energie-niveau-2\/\"\n\t\t\t\ttabindex=\"-1\"\n\t\t\t>\n\t\t\t\t<img loading=\"lazy\" decoding=\"async\" width=\"300\" height=\"152\" src=\"https:\/\/acteco.eu\/wp-content\/uploads\/2022\/01\/Diapositive1-1-300x152.jpeg\" class=\"attachment-medium size-medium wp-post-image\" alt=\"D\u00c9VELOPPEMENT DURABLE 03 &#8211; \u00c9nergie (Niveau 2)\" srcset=\"https:\/\/acteco.eu\/wp-content\/uploads\/2022\/01\/Diapositive1-1-300x152.jpeg 300w, https:\/\/acteco.eu\/wp-content\/uploads\/2022\/01\/Diapositive1-1-1024x519.jpeg 1024w, https:\/\/acteco.eu\/wp-content\/uploads\/2022\/01\/Diapositive1-1-768x389.jpeg 768w, https:\/\/acteco.eu\/wp-content\/uploads\/2022\/01\/Diapositive1-1-1536x778.jpeg 1536w, https:\/\/acteco.eu\/wp-content\/uploads\/2022\/01\/Diapositive1-1-600x304.jpeg 600w, https:\/\/acteco.eu\/wp-content\/uploads\/2022\/01\/Diapositive1-1.jpeg 2000w\" sizes=\"(max-width: 300px) 100vw, 300px\" \/>\t\t\t<\/a>\n\t\t\t\t\t\n\t\t\t\t\t<div class=\"caption\">\n\t\t\t\t<h3 class=\"entry-title\">D\u00c9VELOPPEMENT DURABLE 03 &#8211; \u00c9nergie (Niveau 2)<\/h3>\n\t\t\t\t\t\t\t\t<div class=\"entry-content\"><p>Ce cours ACTeco de 45 min montre combien et quelle \u00e9nergie nous utilisons. Il pr\u00e9sente une vue d&#8217;ensemble des sources d&#8217;\u00e9nergie renouvelables et non renouvelables, leurs avantages et inconv\u00e9nients, et les tendances futures.<\/p>\n<\/div>\n\t\t\t\t\t\t\t\t<div class=\"ld_course_grid_button\">\n\t\t\t\t\t<a\n\t\t\t\t\t\taria-label=\"s&#039;inscrire: D\u00c9VELOPPEMENT DURABLE 03 &#8211; \u00c9nergie (Niveau 2)\"\n\t\t\t\t\t\tclass=\"btn btn-primary\"\n\t\t\t\t\t\thref=\"https:\/\/acteco.eu\/fr\/courses\/developpement-durable-03-energie-niveau-2\/\"\n\t\t\t\t\t>\n\t\t\t\t\t\ts&#039;inscrire\t\t\t\t\t<\/a>\n\t\t\t\t<\/div>\n\t\t\t\t\t\t\t<\/div><!-- .entry-header -->\n\t\t\t<\/article><!-- #post-## -->\n<\/div><!-- .ld_course_grid -->\n<!-- LearnDash Course Grid v1 --><div class=\"ld_course_grid col-sm-8 col-md-4 \">\n\t<article id=\"post-72175\" class=\" thumbnail course post-72175 sfwd-courses type-sfwd-courses status-publish has-post-thumbnail hentry category-batiments-durables category-cours-gratuits category-developpement-durable-et-formation ld_course_category-free\">\n\t\t\t\t\t\t\t\t<div class=\"ribbon\">\n\t\t\t\tGratuit\t\t\t<\/div>\n\t\t\t\n\t\t\t\t\t\t<a\n\t\t\t\taria-hidden=\"true\"\n\t\t\t\thref=\"https:\/\/acteco.eu\/fr\/courses\/developpement-durable-04-vivre-durablement-niveau-2\/\"\n\t\t\t\ttabindex=\"-1\"\n\t\t\t>\n\t\t\t\t<img loading=\"lazy\" decoding=\"async\" width=\"300\" height=\"152\" src=\"https:\/\/acteco.eu\/wp-content\/uploads\/2022\/01\/Diapositive1-2-300x152.jpeg\" class=\"attachment-medium size-medium wp-post-image\" alt=\"D\u00c9VELOPPEMENT DURABLE 04 &#8211; Vivre durablement ? (Niveau 2)\" srcset=\"https:\/\/acteco.eu\/wp-content\/uploads\/2022\/01\/Diapositive1-2-300x152.jpeg 300w, https:\/\/acteco.eu\/wp-content\/uploads\/2022\/01\/Diapositive1-2-1024x519.jpeg 1024w, https:\/\/acteco.eu\/wp-content\/uploads\/2022\/01\/Diapositive1-2-768x389.jpeg 768w, https:\/\/acteco.eu\/wp-content\/uploads\/2022\/01\/Diapositive1-2-1536x778.jpeg 1536w, https:\/\/acteco.eu\/wp-content\/uploads\/2022\/01\/Diapositive1-2-600x304.jpeg 600w, https:\/\/acteco.eu\/wp-content\/uploads\/2022\/01\/Diapositive1-2.jpeg 2000w\" sizes=\"(max-width: 300px) 100vw, 300px\" \/>\t\t\t<\/a>\n\t\t\t\t\t\n\t\t\t\t\t<div class=\"caption\">\n\t\t\t\t<h3 class=\"entry-title\">D\u00c9VELOPPEMENT DURABLE 04 &#8211; Vivre durablement ? (Niveau 2)<\/h3>\n\t\t\t\t\t\t\t\t<div class=\"entry-content\"><p>Ce cours ACTeco de 45 minutes informe sur l&#8217;empreinte \u00e9cologique et carbone personnelle, et montre les choix quotidiens que nous pouvons faire. Il propose de faire un plan personnel de changement des habitudes.<\/p>\n<\/div>\n\t\t\t\t\t\t\t\t<div class=\"ld_course_grid_button\">\n\t\t\t\t\t<a\n\t\t\t\t\t\taria-label=\"s&#039;inscrire: D\u00c9VELOPPEMENT DURABLE 04 &#8211; Vivre durablement ? (Niveau 2)\"\n\t\t\t\t\t\tclass=\"btn btn-primary\"\n\t\t\t\t\t\thref=\"https:\/\/acteco.eu\/fr\/courses\/developpement-durable-04-vivre-durablement-niveau-2\/\"\n\t\t\t\t\t>\n\t\t\t\t\t\ts&#039;inscrire\t\t\t\t\t<\/a>\n\t\t\t\t<\/div>\n\t\t\t\t\t\t\t<\/div><!-- .entry-header -->\n\t\t\t<\/article><!-- #post-## -->\n<\/div><!-- .ld_course_grid -->\n<!-- LearnDash Course Grid v1 --><div class=\"ld_course_grid col-sm-8 col-md-4 \">\n\t<article id=\"post-72195\" class=\" thumbnail course post-72195 sfwd-courses type-sfwd-courses status-publish has-post-thumbnail hentry category-batiments-durables category-cours-gratuits category-developpement-durable-et-formation ld_course_category-free\">\n\t\t\t\t\t\t\t\t<div class=\"ribbon\">\n\t\t\t\tGratuit\t\t\t<\/div>\n\t\t\t\n\t\t\t\t\t\t<a\n\t\t\t\taria-hidden=\"true\"\n\t\t\t\thref=\"https:\/\/acteco.eu\/fr\/courses\/developpement-durable-05-batiment-durable\/\"\n\t\t\t\ttabindex=\"-1\"\n\t\t\t>\n\t\t\t\t<img loading=\"lazy\" decoding=\"async\" width=\"300\" height=\"152\" src=\"https:\/\/acteco.eu\/wp-content\/uploads\/2020\/04\/Diapositive1-300x152.jpeg\" class=\"attachment-medium size-medium wp-post-image\" alt=\"D\u00c9VELOPPEMENT DURABLE 05 &#8211; B\u00e2timent durable (Niveau 2)\" srcset=\"https:\/\/acteco.eu\/wp-content\/uploads\/2020\/04\/Diapositive1-300x152.jpeg 300w, https:\/\/acteco.eu\/wp-content\/uploads\/2020\/04\/Diapositive1-1024x519.jpeg 1024w, https:\/\/acteco.eu\/wp-content\/uploads\/2020\/04\/Diapositive1-768x389.jpeg 768w, https:\/\/acteco.eu\/wp-content\/uploads\/2020\/04\/Diapositive1-1536x778.jpeg 1536w, https:\/\/acteco.eu\/wp-content\/uploads\/2020\/04\/Diapositive1-600x304.jpeg 600w, https:\/\/acteco.eu\/wp-content\/uploads\/2020\/04\/Diapositive1.jpeg 2000w\" sizes=\"(max-width: 300px) 100vw, 300px\" \/>\t\t\t<\/a>\n\t\t\t\t\t\n\t\t\t\t\t<div class=\"caption\">\n\t\t\t\t<h3 class=\"entry-title\">D\u00c9VELOPPEMENT DURABLE 05 &#8211; B\u00e2timent durable (Niveau 2)<\/h3>\n\t\t\t\t\t\t\t\t<div class=\"entry-content\"><p>Ce cours ACTeco de 45 min explique la complexit\u00e9 de la construction durable, pourquoi l&#8217;industrie du b\u00e2timent a un impact sur le changement climatique et ce qui pourrait \u00eatre fait pour r\u00e9duire cet impact.<\/p>\n<\/div>\n\t\t\t\t\t\t\t\t<div class=\"ld_course_grid_button\">\n\t\t\t\t\t<a\n\t\t\t\t\t\taria-label=\"s&#039;inscrire: D\u00c9VELOPPEMENT DURABLE 05 &#8211; B\u00e2timent durable (Niveau 2)\"\n\t\t\t\t\t\tclass=\"btn btn-primary\"\n\t\t\t\t\t\thref=\"https:\/\/acteco.eu\/fr\/courses\/developpement-durable-05-batiment-durable\/\"\n\t\t\t\t\t>\n\t\t\t\t\t\ts&#039;inscrire\t\t\t\t\t<\/a>\n\t\t\t\t<\/div>\n\t\t\t\t\t\t\t<\/div><!-- .entry-header -->\n\t\t\t<\/article><!-- #post-## -->\n<\/div><!-- .ld_course_grid -->\n<!-- LearnDash Course Grid v1 --><div class=\"ld_course_grid col-sm-8 col-md-4 \">\n\t<article id=\"post-72547\" class=\" thumbnail course post-72547 sfwd-courses type-sfwd-courses status-publish has-post-thumbnail hentry category-batiments-durables category-cours-gratuits category-developpement-durable-et-formation ld_course_category-free\">\n\t\t\t\t\t\t\t\t<div class=\"ribbon\">\n\t\t\t\tGratuit\t\t\t<\/div>\n\t\t\t\n\t\t\t\t\t\t<a\n\t\t\t\taria-hidden=\"true\"\n\t\t\t\thref=\"https:\/\/acteco.eu\/fr\/courses\/developpement-durable-06-renovation-durable-performante-niveau-2\/\"\n\t\t\t\ttabindex=\"-1\"\n\t\t\t>\n\t\t\t\t<img loading=\"lazy\" decoding=\"async\" width=\"300\" height=\"152\" src=\"https:\/\/acteco.eu\/wp-content\/uploads\/2021\/11\/Diapositive1-300x152.jpeg\" class=\"attachment-medium size-medium wp-post-image\" alt=\"D\u00c9VELOPPEMENT DURABLE 06 &#8211; r\u00e9novation durable performante (Niveau 2)\" srcset=\"https:\/\/acteco.eu\/wp-content\/uploads\/2021\/11\/Diapositive1-300x152.jpeg 300w, https:\/\/acteco.eu\/wp-content\/uploads\/2021\/11\/Diapositive1-1024x519.jpeg 1024w, https:\/\/acteco.eu\/wp-content\/uploads\/2021\/11\/Diapositive1-768x389.jpeg 768w, https:\/\/acteco.eu\/wp-content\/uploads\/2021\/11\/Diapositive1-1536x778.jpeg 1536w, https:\/\/acteco.eu\/wp-content\/uploads\/2021\/11\/Diapositive1-600x304.jpeg 600w, https:\/\/acteco.eu\/wp-content\/uploads\/2021\/11\/Diapositive1.jpeg 2000w\" sizes=\"(max-width: 300px) 100vw, 300px\" \/>\t\t\t<\/a>\n\t\t\t\t\t\n\t\t\t\t\t<div class=\"caption\">\n\t\t\t\t<h3 class=\"entry-title\">D\u00c9VELOPPEMENT DURABLE 06 &#8211; r\u00e9novation durable performante (Niveau 2)<\/h3>\n\t\t\t\t\t\t\t\t<div class=\"entry-content\"><p>Ce cours ACTeco de 45 min montre les bases de la r\u00e9novation durable du b\u00e2ti traditionnel, pourquoi elle est importante et comment elle peut \u00eatre r\u00e9alis\u00e9e.<\/p>\n<\/div>\n\t\t\t\t\t\t\t\t<div class=\"ld_course_grid_button\">\n\t\t\t\t\t<a\n\t\t\t\t\t\taria-label=\"s&#039;inscrire: D\u00c9VELOPPEMENT DURABLE 06 &#8211; r\u00e9novation durable performante (Niveau 2)\"\n\t\t\t\t\t\tclass=\"btn btn-primary\"\n\t\t\t\t\t\thref=\"https:\/\/acteco.eu\/fr\/courses\/developpement-durable-06-renovation-durable-performante-niveau-2\/\"\n\t\t\t\t\t>\n\t\t\t\t\t\ts&#039;inscrire\t\t\t\t\t<\/a>\n\t\t\t\t<\/div>\n\t\t\t\t\t\t\t<\/div><!-- .entry-header -->\n\t\t\t<\/article><!-- #post-## -->\n<\/div><!-- .ld_course_grid -->\n<!-- LearnDash Course Grid v1 --><div class=\"ld_course_grid col-sm-8 col-md-4 \">\n\t<article id=\"post-76980\" class=\" thumbnail course post-76980 sfwd-courses type-sfwd-courses status-publish hentry category-batiments-durables category-construction-paille category-developpement-durable-et-formation ld_course_category-ouvert\">\n\t\t\t\t\t\t\t\t<div class=\"ribbon\">\n\t\t\t\tGratuit\t\t\t<\/div>\n\t\t\t\n\t\t\t\t\t\t<a\n\t\t\t\taria-hidden=\"true\"\n\t\t\t\thref=\"https:\/\/acteco.eu\/fr\/courses\/les-petites-maisons-et-le-changement-climatique\/\"\n\t\t\t\ttabindex=\"-1\"\n\t\t\t>\n\t\t\t\t<img\n\t\t\t\t\talt=\"Les petites maisons et le changement climatique\"\n\t\t\t\t\tsrc=\"https:\/\/acteco.eu\/wp-content\/plugins\/sfwd-lms\/includes\/course-grid\/assets\/img\/thumbnail.jpg\"\n\t\t\t\t\/>\n\t\t\t<\/a>\n\t\t\t\t\t\n\t\t\t\t\t<div class=\"caption\">\n\t\t\t\t<h3 class=\"entry-title\">Les petites maisons et le changement climatique<\/h3>\n\t\t\t\t\t\t\t\t<div class=\"ld_course_grid_button\">\n\t\t\t\t\t<a\n\t\t\t\t\t\taria-label=\"Enroll Now: Les petites maisons et le changement climatique\"\n\t\t\t\t\t\tclass=\"btn btn-primary\"\n\t\t\t\t\t\thref=\"https:\/\/acteco.eu\/fr\/courses\/les-petites-maisons-et-le-changement-climatique\/\"\n\t\t\t\t\t>\n\t\t\t\t\t\tEnroll Now\t\t\t\t\t<\/a>\n\t\t\t\t<\/div>\n\t\t\t\t\t\t\t<\/div><!-- .entry-header -->\n\t\t\t<\/article><!-- #post-## -->\n<\/div><!-- .ld_course_grid -->\n\t<\/div>\n\t\t\t<\/div>\n\t\t<\/div>","protected":false},"excerpt":{"rendered":"","protected":false},"author":1,"featured_media":73769,"parent":0,"menu_order":0,"comment_status":"closed","ping_status":"closed","template":"","meta":{"site-sidebar-layout":"default","site-content-layout":"default","ast-site-content-layout":"default","site-content-style":"default","site-sidebar-style":"default","ast-global-header-display":"","ast-banner-title-visibility":"","ast-main-header-display":"","ast-hfb-above-header-display":"","ast-hfb-below-header-display":"","ast-hfb-mobile-header-display":"","site-post-title":"","ast-breadcrumbs-content":"","ast-featured-img":"","footer-sml-layout":"","ast-disable-related-posts":"","theme-transparent-header-meta":"default","adv-header-id-meta":"","stick-header-meta":"","header-above-stick-meta":"","header-main-stick-meta":"","header-below-stick-meta":"","astra-migrate-meta-layouts":"default","ast-page-background-enabled":"default","ast-page-background-meta":{"desktop":{"background-color":"","background-image":"","background-repeat":"repeat","background-position":"center center","background-size":"auto","background-attachment":"scroll","background-type":"","background-media":"","overlay-type":"","overlay-color":"","overlay-opacity":"","overlay-gradient":""},"tablet":{"background-color":"","background-image":"","background-repeat":"repeat","background-position":"center center","background-size":"auto","background-attachment":"scroll","background-type":"","background-media":"","overlay-type":"","overlay-color":"","overlay-opacity":"","overlay-gradient":""},"mobile":{"background-color":"","background-image":"","background-repeat":"repeat","background-position":"center center","background-size":"auto","background-attachment":"scroll","background-type":"","background-media":"","overlay-type":"","overlay-color":"","overlay-opacity":"","overlay-gradient":""}},"ast-content-background-meta":{"desktop":{"background-color":"var(--ast-global-color-5)","background-image":"","background-repeat":"repeat","background-position":"center center","background-size":"auto","background-attachment":"scroll","background-type":"","background-media":"","overlay-type":"","overlay-color":"","overlay-opacity":"","overlay-gradient":""},"tablet":{"background-color":"var(--ast-global-color-5)","background-image":"","background-repeat":"repeat","background-position":"center center","background-size":"auto","background-attachment":"scroll","background-type":"","background-media":"","overlay-type":"","overlay-color":"","overlay-opacity":"","overlay-gradient":""},"mobile":{"background-color":"var(--ast-global-color-5)","background-image":"","background-repeat":"repeat","background-position":"center center","background-size":"auto","background-attachment":"scroll","background-type":"","background-media":"","overlay-type":"","overlay-color":"","overlay-opacity":"","overlay-gradient":""}},"footnotes":""},"class_list":["post-68515","page","type-page","status-publish","has-post-thumbnail","hentry"],"_links":{"self":[{"href":"https:\/\/acteco.eu\/fr\/wp-json\/wp\/v2\/pages\/68515","targetHints":{"allow":["GET"]}}],"collection":[{"href":"https:\/\/acteco.eu\/fr\/wp-json\/wp\/v2\/pages"}],"about":[{"href":"https:\/\/acteco.eu\/fr\/wp-json\/wp\/v2\/types\/page"}],"author":[{"embeddable":true,"href":"https:\/\/acteco.eu\/fr\/wp-json\/wp\/v2\/users\/1"}],"replies":[{"embeddable":true,"href":"https:\/\/acteco.eu\/fr\/wp-json\/wp\/v2\/comments?post=68515"}],"version-history":[{"count":5,"href":"https:\/\/acteco.eu\/fr\/wp-json\/wp\/v2\/pages\/68515\/revisions"}],"predecessor-version":[{"id":72562,"href":"https:\/\/acteco.eu\/fr\/wp-json\/wp\/v2\/pages\/68515\/revisions\/72562"}],"wp:featuredmedia":[{"embeddable":true,"href":"https:\/\/acteco.eu\/fr\/wp-json\/wp\/v2\/media\/73769"}],"wp:attachment":[{"href":"https:\/\/acteco.eu\/fr\/wp-json\/wp\/v2\/media?parent=68515"}],"curies":[{"name":"wp","href":"https:\/\/api.w.org\/{rel}","templated":true}]}}