{"id":68705,"date":"2020-11-17T09:32:49","date_gmt":"2020-11-17T08:32:49","guid":{"rendered":"https:\/\/acteco.eu\/zdroje\/"},"modified":"2022-05-27T20:07:34","modified_gmt":"2022-05-27T18:07:34","slug":"zdroje","status":"publish","type":"page","link":"https:\/\/acteco.eu\/sk\/zdroje\/","title":{"rendered":"Zdroje"},"content":{"rendered":"\n<p>Zbierky zdrojov pre slamen\u00e9, hlinen\u00e9 a udr\u017eate\u013en\u00e9 stavby s\u00fa s\u00fa\u010das\u0165ou intelektu\u00e1lnych v\u00fdstupov projektu ACTeco. T\u00e1to zbierka je v\u0161ak v\u00fdberom najrelevantnej\u0161\u00edch materi\u00e1lov, ktor\u00fa vybrali partneri ACTeco, a ktor\u00e1 \u0161kolite\u013eom pom\u00f4\u017ee roz\u0161\u00edri\u0165 svoje znalosti, doplni\u0165 a podporoi\u0165 ich \u0161kolenia. T\u00e1to zbierka obsahuje fotografie, vide\u00e1, literat\u00faru, osved\u010den\u00e9 postupy, v\u00fdskum, \u0161abl\u00f3ny (pre prezent\u00e1cie), kv\u00edzy Kahoot, dotazn\u00edky sp\u00e4tnej v\u00e4zby, webov\u00e9 str\u00e1nky (odkazy) a datab\u00e1zy.<\/p>\n\n<p>\u010eal\u0161ie \u010dasti zbierok n\u00e1jdete priamo pou\u017eit\u00e9 v online kurzoch ACTeco a s\u00fa pripojen\u00e9 k lekci\u00e1m.<\/p>\n\n<p>Zbierka Jump! training for change je zbierka prepojen\u00e1 s in\u00fdm projektom, ktor\u00fd sa sna\u017e\u00edme prepoji\u0165 a vytv\u00e1ra\u0165 synergick\u00fd efekt, preto\u017ee projekt je zameran\u00fd na tr\u00e9nerov a zmenu myslenia a \u0161kolenia smerom k udr\u017eate\u013enej\u0161ej a regenerat\u00edvnej\u0161ej kult\u00fare.<\/p>\n\n<p>Tieto zdroje s\u00fa ur\u010den\u00e9 pre \u0161kolite\u013eov a \u0161koliace stredisk\u00e1, u\u010dite\u013eov a \u0161koly, preto je t\u00e1to \u010das\u0165 chr\u00e1nen\u00e1 heslom. Ak chcete z\u00edska\u0165 pr\u00edstup k na\u0161im zdrojom, nap\u00ed\u0161te pros\u00edm e -mail na adresu info@acteco.eu.<\/p>\n","protected":false},"excerpt":{"rendered":"<p>Zbierky zdrojov pre slamen\u00e9, hlinen\u00e9 a udr\u017eate\u013en\u00e9 stavby s\u00fa s\u00fa\u010das\u0165ou intelektu\u00e1lnych v\u00fdstupov projektu ACTeco. T\u00e1to zbierka je v\u0161ak v\u00fdberom najrelevantnej\u0161\u00edch materi\u00e1lov, ktor\u00fa vybrali partneri ACTeco, a ktor\u00e1 \u0161kolite\u013eom pom\u00f4\u017ee roz\u0161\u00edri\u0165 svoje znalosti, doplni\u0165 a podporoi\u0165 ich \u0161kolenia. T\u00e1to zbierka obsahuje fotografie, vide\u00e1, literat\u00faru, osved\u010den\u00e9 postupy, v\u00fdskum, \u0161abl\u00f3ny (pre prezent\u00e1cie), kv\u00edzy Kahoot, dotazn\u00edky sp\u00e4tnej v\u00e4zby, webov\u00e9 [&hellip;]<\/p>\n","protected":false},"author":1,"featured_media":32275,"parent":0,"menu_order":0,"comment_status":"closed","ping_status":"closed","template":"","meta":{"site-sidebar-layout":"right-sidebar","site-content-layout":"default","ast-site-content-layout":"default","site-content-style":"default","site-sidebar-style":"default","ast-global-header-display":"","ast-banner-title-visibility":"","ast-main-header-display":"","ast-hfb-above-header-display":"","ast-hfb-below-header-display":"","ast-hfb-mobile-header-display":"","site-post-title":"","ast-breadcrumbs-content":"","ast-featured-img":"","footer-sml-layout":"","ast-disable-related-posts":"","theme-transparent-header-meta":"default","adv-header-id-meta":"","stick-header-meta":"","header-above-stick-meta":"","header-main-stick-meta":"","header-below-stick-meta":"","astra-migrate-meta-layouts":"default","ast-page-background-enabled":"default","ast-page-background-meta":{"desktop":{"background-color":"","background-image":"","background-repeat":"repeat","background-position":"center center","background-size":"auto","background-attachment":"scroll","background-type":"","background-media":"","overlay-type":"","overlay-color":"","overlay-opacity":"","overlay-gradient":""},"tablet":{"background-color":"","background-image":"","background-repeat":"repeat","background-position":"center center","background-size":"auto","background-attachment":"scroll","background-type":"","background-media":"","overlay-type":"","overlay-color":"","overlay-opacity":"","overlay-gradient":""},"mobile":{"background-color":"","background-image":"","background-repeat":"repeat","background-position":"center center","background-size":"auto","background-attachment":"scroll","background-type":"","background-media":"","overlay-type":"","overlay-color":"","overlay-opacity":"","overlay-gradient":""}},"ast-content-background-meta":{"desktop":{"background-color":"var(--ast-global-color-5)","background-image":"","background-repeat":"repeat","background-position":"center center","background-size":"auto","background-attachment":"scroll","background-type":"","background-media":"","overlay-type":"","overlay-color":"","overlay-opacity":"","overlay-gradient":""},"tablet":{"background-color":"var(--ast-global-color-5)","background-image":"","background-repeat":"repeat","background-position":"center center","background-size":"auto","background-attachment":"scroll","background-type":"","background-media":"","overlay-type":"","overlay-color":"","overlay-opacity":"","overlay-gradient":""},"mobile":{"background-color":"var(--ast-global-color-5)","background-image":"","background-repeat":"repeat","background-position":"center center","background-size":"auto","background-attachment":"scroll","background-type":"","background-media":"","overlay-type":"","overlay-color":"","overlay-opacity":"","overlay-gradient":""}},"footnotes":""},"class_list":["post-68705","page","type-page","status-publish","has-post-thumbnail","hentry"],"_links":{"self":[{"href":"https:\/\/acteco.eu\/sk\/wp-json\/wp\/v2\/pages\/68705","targetHints":{"allow":["GET"]}}],"collection":[{"href":"https:\/\/acteco.eu\/sk\/wp-json\/wp\/v2\/pages"}],"about":[{"href":"https:\/\/acteco.eu\/sk\/wp-json\/wp\/v2\/types\/page"}],"author":[{"embeddable":true,"href":"https:\/\/acteco.eu\/sk\/wp-json\/wp\/v2\/users\/1"}],"replies":[{"embeddable":true,"href":"https:\/\/acteco.eu\/sk\/wp-json\/wp\/v2\/comments?post=68705"}],"version-history":[{"count":1,"href":"https:\/\/acteco.eu\/sk\/wp-json\/wp\/v2\/pages\/68705\/revisions"}],"predecessor-version":[{"id":68706,"href":"https:\/\/acteco.eu\/sk\/wp-json\/wp\/v2\/pages\/68705\/revisions\/68706"}],"wp:featuredmedia":[{"embeddable":true,"href":"https:\/\/acteco.eu\/sk\/wp-json\/wp\/v2\/media\/32275"}],"wp:attachment":[{"href":"https:\/\/acteco.eu\/sk\/wp-json\/wp\/v2\/media?parent=68705"}],"curies":[{"name":"wp","href":"https:\/\/api.w.org\/{rel}","templated":true}]}}